{"id":2454,"date":"2024-02-17T12:42:05","date_gmt":"2024-02-17T12:42:05","guid":{"rendered":"http:\/\/matchamoya.webzachvili.online\/?post_type=product&#038;p=2454"},"modified":"2024-09-02T11:42:23","modified_gmt":"2024-09-02T11:42:23","slug":"chawan-aki-rucne-vyrabena-japonska-miska-na-piti-matcha-caje-moya","status":"publish","type":"product","link":"http:\/\/matchamoya.webzachvili.online\/en\/shop\/originalni-cajove-prislusenstvi\/chawan-aki-rucne-vyrabena-japonska-miska-na-piti-matcha-caje-moya\/","title":{"rendered":"Chawan AKI \u2013 Ru\u010dn\u011b vyr\u00e1b\u011bn\u00e1 hlin\u011bn\u00e1 japonsk\u00e1 miska na pit\u00ed matcha \u010daje Moya"},"content":{"rendered":"<h1>Chawan AKI \u2013 Ru\u010dn\u011b vyr\u00e1b\u011bn\u00e1 hlin\u011bn\u00e1 japonsk\u00e1 miska na pit\u00ed matcha \u010daje Moya<\/h1>\n<div><strong>Chawan AKI<\/strong>, vyr\u00e1b\u011bn\u00fd v odst\u00ednech b\u00e9\u017eov\u00e9, zelen\u00e9 a bronzov\u00e9, zdoben\u00fd ru\u010dn\u011b malovan\u00fdmi listy, je <strong>um\u011bleck\u00fdm d\u00edlem poch\u00e1zej\u00edc\u00edm ze srdce prefektury Aichi v Japonsku<\/strong>. Inspirac\u00ed pro vytvo\u0159en\u00ed tohoto kusu byla japonsk\u00e1 keramick\u00e1 tradice a p\u0159\u00edroda. <strong>Ka\u017ed\u00e1 miska je pe\u010dliv\u011b ru\u010dn\u011b vyroben\u00e1 na hrn\u010d\u00ed\u0159sk\u00e9m kruhu, co\u017e j\u00ed dod\u00e1v\u00e1 jedine\u010dn\u00fd charakte<\/strong>r. Jemn\u00e9, ru\u010dn\u011b malovan\u00e9 listy dod\u00e1vaj\u00ed misce jedine\u010dnost a kouzlo a p\u0159en\u00e1\u0161ej\u00ed n\u00e1s do klidn\u00e9ho sv\u011bta p\u0159\u00edrody b\u011bhem matcha ceremoni\u00ed. Aki, vyroben\u00fd ru\u010dn\u011b, je nejen kr\u00e1sn\u00fd, ale tak\u00e9 praktick\u00fd; lze jej m\u00fdt v my\u010dce na jemn\u00fd cyklus. Vysok\u00e9 st\u011bny n\u00e1doby a jej\u00ed \u0161irok\u00e9 dno nav\u00edc usnad\u0148uj\u00ed proces m\u00edch\u00e1n\u00ed matchy s vodou a napom\u00e1haj\u00ed k rychl\u00e9mu z\u00edsk\u00e1n\u00ed nad\u00fdchan\u00e9 p\u011bny na povrchu. Toho lze dos\u00e1hnout pou\u017eit\u00edm <a href=\"http:\/\/matchamoya.webzachvili.online\/originalni-cajove-prislusenstvi\/chasen-tradicni-bambusova-metlicka-na-michani-matcha-caje\/\">chasenu (bambusov\u00e9 metli\u010dky)<\/a> nebo nap\u011b\u0148ova\u010de ml\u00e9ka.<\/div>\n<p>Nezapome\u0148te pou\u017e\u00edt vodu s teplotou nep\u0159esahuj\u00edc\u00ed 80 \u00b0 C, abyste zachovali v\u0161echny vlastnosti matcha.<\/p>\n<p><strong>Tradi\u010dn\u00ed miska na p\u0159\u00edpravu a pit\u00ed \u010daje matcha.<\/strong><\/p>\n<p>OBJEM: 400 ml<br \/>\nV\u00dd\u0160KA: 7 cm<br \/>\nPR\u016eM\u011aR: 12 cm<br \/>\nZEM\u011a P\u016eVODU: Japonsko<\/p>\n<p>Vzhledem k tomu, \u017ee se jedn\u00e1 o ru\u010dn\u011b vyr\u00e1b\u011bn\u00fd v\u00fdrobek, rozm\u011bry se mohou m\u00edrn\u011b li\u0161it. <strong>Mo\u017eno m\u00fdt v my\u010dce.<\/strong><\/p>\n<p>&nbsp;<\/p>\n<p><img decoding=\"async\" class=\"alignnone wp-image-2455\" src=\"http:\/\/matchamoya.webzachvili.online\/wp-content\/uploads\/2024\/02\/Moya-Matcha-Matchawan-Aki-400x400.png\" alt=\"rucne-vyrabena-japonska-keramika-prefektura-aichi\" width=\"212\" height=\"212\" srcset=\"http:\/\/matchamoya.webzachvili.online\/wp-content\/uploads\/2024\/02\/Moya-Matcha-Matchawan-Aki-400x400.png 400w, http:\/\/matchamoya.webzachvili.online\/wp-content\/uploads\/2024\/02\/Moya-Matcha-Matchawan-Aki-800x800.png 800w, http:\/\/matchamoya.webzachvili.online\/wp-content\/uploads\/2024\/02\/Moya-Matcha-Matchawan-Aki-280x280.png 280w, http:\/\/matchamoya.webzachvili.online\/wp-content\/uploads\/2024\/02\/Moya-Matcha-Matchawan-Aki-768x768.png 768w, http:\/\/matchamoya.webzachvili.online\/wp-content\/uploads\/2024\/02\/Moya-Matcha-Matchawan-Aki-12x12.png 12w, http:\/\/matchamoya.webzachvili.online\/wp-content\/uploads\/2024\/02\/Moya-Matcha-Matchawan-Aki-300x300.png 300w, http:\/\/matchamoya.webzachvili.online\/wp-content\/uploads\/2024\/02\/Moya-Matcha-Matchawan-Aki-600x600.png 600w, http:\/\/matchamoya.webzachvili.online\/wp-content\/uploads\/2024\/02\/Moya-Matcha-Matchawan-Aki-100x100.png 100w, http:\/\/matchamoya.webzachvili.online\/wp-content\/uploads\/2024\/02\/Moya-Matcha-Matchawan-Aki.png 1000w\" sizes=\"(max-width: 212px) 100vw, 212px\" \/><\/p>","protected":false},"excerpt":{"rendered":"<div><strong>Chawan AKI<\/strong>, vyr\u00e1b\u011bn\u00fd v odst\u00ednech b\u00e9\u017eov\u00e9, zelen\u00e9 a bronzov\u00e9, zdoben\u00fd ru\u010dn\u011b malovan\u00fdmi listy, je <strong>um\u011bleck\u00fdm d\u00edlem poch\u00e1zej\u00edc\u00edm ze srdce prefektury Aichi v Japonsku<\/strong>. Inspirac\u00ed pro vytvo\u0159en\u00ed tohoto kusu byla japonsk\u00e1 keramick\u00e1 tradice a p\u0159\u00edroda. <strong>Ka\u017ed\u00e1 miska je pe\u010dliv\u011b ru\u010dn\u011b vyroben\u00e1 na hrn\u010d\u00ed\u0159sk\u00e9m kruhu, co\u017e j\u00ed dod\u00e1v\u00e1 jedine\u010dn\u00fd charakte<\/strong>r. Jemn\u00e9, ru\u010dn\u011b malovan\u00e9 listy dod\u00e1vaj\u00ed misce jedine\u010dnost a kouzlo a p\u0159en\u00e1\u0161ej\u00ed n\u00e1s do klidn\u00e9ho sv\u011bta p\u0159\u00edrody b\u011bhem matcha ceremoni\u00ed. Aki, vyroben\u00fd ru\u010dn\u011b, je nejen kr\u00e1sn\u00fd, ale tak\u00e9 praktick\u00fd; lze jej m\u00fdt v my\u010dce na jemn\u00fd cyklus. Vysok\u00e9 st\u011bny n\u00e1doby a jej\u00ed \u0161irok\u00e9 dno nav\u00edc usnad\u0148uj\u00ed proces m\u00edch\u00e1n\u00ed matchy s vodou a napom\u00e1haj\u00ed k rychl\u00e9mu z\u00edsk\u00e1n\u00ed nad\u00fdchan\u00e9 p\u011bny na povrchu. Toho lze dos\u00e1hnout pou\u017eit\u00edm <a href=\"http:\/\/matchamoya.webzachvili.online\/originalni-cajove-prislusenstvi\/chasen-tradicni-bambusova-metlicka-na-michani-matcha-caje\/\">chasenu (bambusov\u00e9 metli\u010dky)<\/a> nebo nap\u011b\u0148ova\u010de ml\u00e9ka.<\/div>\n<p>Nezapome\u0148te pou\u017e\u00edt vodu s teplotou nep\u0159esahuj\u00edc\u00ed 80 \u00b0 C, abyste zachovali v\u0161echny vlastnosti matcha.<\/p>\n<p><strong>Tradi\u010dn\u00ed miska na p\u0159\u00edpravu a pit\u00ed \u010daje matcha.<\/strong><\/p>\n<p>OBJEM: 400 ml<br \/>\nV\u00dd\u0160KA: 7 cm<br \/>\nPR\u016eM\u011aR: 12 cm<br \/>\nZEM\u011a P\u016eVODU: Japonsko<\/p>\n<p>Vzhledem k tomu, \u017ee se jedn\u00e1 o ru\u010dn\u011b vyr\u00e1b\u011bn\u00fd v\u00fdrobek, rozm\u011bry se mohou m\u00edrn\u011b li\u0161it. <strong>Mo\u017eno m\u00fdt v my\u010dce.<\/strong><\/p>","protected":false},"featured_media":2455,"comment_status":"open","ping_status":"closed","template":"","meta":[],"product_cat":[70],"product_tag":[],"class_list":{"0":"post-2454","1":"product","2":"type-product","3":"status-publish","4":"has-post-thumbnail","6":"product_cat-originalni-cajove-prislusenstvi","7":"product_shipping_class-dobra-dodani","9":"first","10":"instock","11":"taxable","12":"shipping-taxable","13":"purchasable","14":"product-type-simple"},"yoast_head":"<!-- This site is optimized with the Yoast SEO plugin v23.4 - https:\/\/yoast.com\/wordpress\/plugins\/seo\/ -->\n<title>Chawan Aki \u2013 Ru\u010dn\u011b vyr\u00e1b\u011bn\u00e1 japonsk\u00e1 miska | Matcha Moya<\/title>\n<meta name=\"description\" content=\"Chawan AKI, vyr\u00e1b\u011bn\u00fd v odst\u00ednech b\u00e9\u017eov\u00e9, zelen\u00e9 a bronzov\u00e9, zdoben\u00fd ru\u010dn\u011b malovan\u00fdmi listy, poch\u00e1z\u00ed z prefektury Aichi v Japonsku.\" \/>\n<meta name=\"robots\" content=\"index, follow, max-snippet:-1, max-image-preview:large, max-video-preview:-1\" \/>\n<link rel=\"canonical\" href=\"http:\/\/matchamoya.webzachvili.online\/en\/shop\/originalni-cajove-prislusenstvi\/chawan-aki-rucne-vyrabena-japonska-miska-na-piti-matcha-caje-moya\/\" \/>\n<meta property=\"og:locale\" content=\"en_US\" \/>\n<meta property=\"og:type\" content=\"article\" \/>\n<meta property=\"og:title\" content=\"Chawan Aki \u2013 Ru\u010dn\u011b vyr\u00e1b\u011bn\u00e1 japonsk\u00e1 miska | Matcha Moya\" \/>\n<meta property=\"og:description\" content=\"Chawan AKI, vyr\u00e1b\u011bn\u00fd v odst\u00ednech b\u00e9\u017eov\u00e9, zelen\u00e9 a bronzov\u00e9, zdoben\u00fd ru\u010dn\u011b malovan\u00fdmi listy, poch\u00e1z\u00ed z prefektury Aichi v Japonsku.\" \/>\n<meta property=\"og:url\" content=\"http:\/\/matchamoya.webzachvili.online\/en\/shop\/originalni-cajove-prislusenstvi\/chawan-aki-rucne-vyrabena-japonska-miska-na-piti-matcha-caje-moya\/\" \/>\n<meta property=\"og:site_name\" content=\"Matcha Moya\" \/>\n<meta property=\"article:modified_time\" content=\"2024-09-02T11:42:23+00:00\" \/>\n<meta property=\"og:image\" content=\"http:\/\/matchamoya.webzachvili.online\/wp-content\/uploads\/2024\/02\/Moya-Matcha-Matchawan-Aki.png\" \/>\n\t<meta property=\"og:image:width\" content=\"1000\" \/>\n\t<meta property=\"og:image:height\" content=\"1000\" \/>\n\t<meta property=\"og:image:type\" content=\"image\/png\" \/>\n<meta name=\"twitter:card\" content=\"summary_large_image\" \/>\n<meta name=\"twitter:label1\" content=\"Est. reading time\" \/>\n\t<meta name=\"twitter:data1\" content=\"2 minutes\" \/>\n<!-- \/ Yoast SEO plugin. -->","yoast_head_json":{"title":"Chawan Aki \u2013 Ru\u010dn\u011b vyr\u00e1b\u011bn\u00e1 japonsk\u00e1 miska | Matcha Moya","description":"Chawan AKI, vyr\u00e1b\u011bn\u00fd v odst\u00ednech b\u00e9\u017eov\u00e9, zelen\u00e9 a bronzov\u00e9, zdoben\u00fd ru\u010dn\u011b malovan\u00fdmi listy, poch\u00e1z\u00ed z prefektury Aichi v Japonsku.","robots":{"index":"index","follow":"follow","max-snippet":"max-snippet:-1","max-image-preview":"max-image-preview:large","max-video-preview":"max-video-preview:-1"},"canonical":"http:\/\/matchamoya.webzachvili.online\/en\/shop\/originalni-cajove-prislusenstvi\/chawan-aki-rucne-vyrabena-japonska-miska-na-piti-matcha-caje-moya\/","og_locale":"en_US","og_type":"article","og_title":"Chawan Aki \u2013 Ru\u010dn\u011b vyr\u00e1b\u011bn\u00e1 japonsk\u00e1 miska | Matcha Moya","og_description":"Chawan AKI, vyr\u00e1b\u011bn\u00fd v odst\u00ednech b\u00e9\u017eov\u00e9, zelen\u00e9 a bronzov\u00e9, zdoben\u00fd ru\u010dn\u011b malovan\u00fdmi listy, poch\u00e1z\u00ed z prefektury Aichi v Japonsku.","og_url":"http:\/\/matchamoya.webzachvili.online\/en\/shop\/originalni-cajove-prislusenstvi\/chawan-aki-rucne-vyrabena-japonska-miska-na-piti-matcha-caje-moya\/","og_site_name":"Matcha Moya","article_modified_time":"2024-09-02T11:42:23+00:00","og_image":[{"width":1000,"height":1000,"url":"http:\/\/matchamoya.webzachvili.online\/wp-content\/uploads\/2024\/02\/Moya-Matcha-Matchawan-Aki.png","type":"image\/png"}],"twitter_card":"summary_large_image","twitter_misc":{"Est. reading time":"2 minutes"},"schema":{"@context":"https:\/\/schema.org","@graph":[{"@type":"WebPage","@id":"http:\/\/matchamoya.webzachvili.online\/en\/shop\/originalni-cajove-prislusenstvi\/chawan-aki-rucne-vyrabena-japonska-miska-na-piti-matcha-caje-moya\/","url":"http:\/\/matchamoya.webzachvili.online\/en\/shop\/originalni-cajove-prislusenstvi\/chawan-aki-rucne-vyrabena-japonska-miska-na-piti-matcha-caje-moya\/","name":"Chawan Aki \u2013 Ru\u010dn\u011b vyr\u00e1b\u011bn\u00e1 japonsk\u00e1 miska | Matcha Moya","isPartOf":{"@id":"http:\/\/matchamoya.webzachvili.online\/en\/#website"},"primaryImageOfPage":{"@id":"http:\/\/matchamoya.webzachvili.online\/en\/shop\/originalni-cajove-prislusenstvi\/chawan-aki-rucne-vyrabena-japonska-miska-na-piti-matcha-caje-moya\/#primaryimage"},"image":{"@id":"http:\/\/matchamoya.webzachvili.online\/en\/shop\/originalni-cajove-prislusenstvi\/chawan-aki-rucne-vyrabena-japonska-miska-na-piti-matcha-caje-moya\/#primaryimage"},"thumbnailUrl":"http:\/\/matchamoya.webzachvili.online\/wp-content\/uploads\/2024\/02\/Moya-Matcha-Matchawan-Aki.png","datePublished":"2024-02-17T12:42:05+00:00","dateModified":"2024-09-02T11:42:23+00:00","description":"Chawan AKI, vyr\u00e1b\u011bn\u00fd v odst\u00ednech b\u00e9\u017eov\u00e9, zelen\u00e9 a bronzov\u00e9, zdoben\u00fd ru\u010dn\u011b malovan\u00fdmi listy, poch\u00e1z\u00ed z prefektury Aichi v Japonsku.","breadcrumb":{"@id":"http:\/\/matchamoya.webzachvili.online\/en\/shop\/originalni-cajove-prislusenstvi\/chawan-aki-rucne-vyrabena-japonska-miska-na-piti-matcha-caje-moya\/#breadcrumb"},"inLanguage":"en-US","potentialAction":[{"@type":"ReadAction","target":["http:\/\/matchamoya.webzachvili.online\/en\/shop\/originalni-cajove-prislusenstvi\/chawan-aki-rucne-vyrabena-japonska-miska-na-piti-matcha-caje-moya\/"]}]},{"@type":"ImageObject","inLanguage":"en-US","@id":"http:\/\/matchamoya.webzachvili.online\/en\/shop\/originalni-cajove-prislusenstvi\/chawan-aki-rucne-vyrabena-japonska-miska-na-piti-matcha-caje-moya\/#primaryimage","url":"http:\/\/matchamoya.webzachvili.online\/wp-content\/uploads\/2024\/02\/Moya-Matcha-Matchawan-Aki.png","contentUrl":"http:\/\/matchamoya.webzachvili.online\/wp-content\/uploads\/2024\/02\/Moya-Matcha-Matchawan-Aki.png","width":1000,"height":1000,"caption":"rucne-vyrabena-japonska-keramika-prefektura-aichi"},{"@type":"BreadcrumbList","@id":"http:\/\/matchamoya.webzachvili.online\/en\/shop\/originalni-cajove-prislusenstvi\/chawan-aki-rucne-vyrabena-japonska-miska-na-piti-matcha-caje-moya\/#breadcrumb","itemListElement":[{"@type":"ListItem","position":1,"name":"Dom\u016f","item":"http:\/\/matchamoya.webzachvili.online\/"},{"@type":"ListItem","position":2,"name":"E-SHOP","item":"http:\/\/matchamoya.webzachvili.online\/en\/shop\/"},{"@type":"ListItem","position":3,"name":"Chawan AKI \u2013 Ru\u010dn\u011b vyr\u00e1b\u011bn\u00e1 hlin\u011bn\u00e1 japonsk\u00e1 miska na pit\u00ed matcha \u010daje Moya"}]},{"@type":"WebSite","@id":"http:\/\/matchamoya.webzachvili.online\/en\/#website","url":"http:\/\/matchamoya.webzachvili.online\/en\/","name":"Matcha Moya","description":"Matcha Moya","publisher":{"@id":"http:\/\/matchamoya.webzachvili.online\/en\/#organization"},"potentialAction":[{"@type":"SearchAction","target":{"@type":"EntryPoint","urlTemplate":"http:\/\/matchamoya.webzachvili.online\/en\/?s={search_term_string}"},"query-input":{"@type":"PropertyValueSpecification","valueRequired":true,"valueName":"search_term_string"}}],"inLanguage":"en-US"},{"@type":"Organization","@id":"http:\/\/matchamoya.webzachvili.online\/en\/#organization","name":"Moya Matcha","url":"http:\/\/matchamoya.webzachvili.online\/en\/","logo":{"@type":"ImageObject","inLanguage":"en-US","@id":"http:\/\/matchamoya.webzachvili.online\/en\/#\/schema\/logo\/image\/","url":"http:\/\/matchamoya.webzachvili.online\/wp-content\/uploads\/2020\/03\/MOYA_Logo_Green-Black_02.png","contentUrl":"http:\/\/matchamoya.webzachvili.online\/wp-content\/uploads\/2020\/03\/MOYA_Logo_Green-Black_02.png","width":313,"height":310,"caption":"Moya Matcha"},"image":{"@id":"http:\/\/matchamoya.webzachvili.online\/en\/#\/schema\/logo\/image\/"}}]}},"_links":{"self":[{"href":"http:\/\/matchamoya.webzachvili.online\/en\/wp-json\/wp\/v2\/product\/2454","targetHints":{"allow":["GET"]}}],"collection":[{"href":"http:\/\/matchamoya.webzachvili.online\/en\/wp-json\/wp\/v2\/product"}],"about":[{"href":"http:\/\/matchamoya.webzachvili.online\/en\/wp-json\/wp\/v2\/types\/product"}],"replies":[{"embeddable":true,"href":"http:\/\/matchamoya.webzachvili.online\/en\/wp-json\/wp\/v2\/comments?post=2454"}],"wp:featuredmedia":[{"embeddable":true,"href":"http:\/\/matchamoya.webzachvili.online\/en\/wp-json\/wp\/v2\/media\/2455"}],"wp:attachment":[{"href":"http:\/\/matchamoya.webzachvili.online\/en\/wp-json\/wp\/v2\/media?parent=2454"}],"wp:term":[{"taxonomy":"product_cat","embeddable":true,"href":"http:\/\/matchamoya.webzachvili.online\/en\/wp-json\/wp\/v2\/product_cat?post=2454"},{"taxonomy":"product_tag","embeddable":true,"href":"http:\/\/matchamoya.webzachvili.online\/en\/wp-json\/wp\/v2\/product_tag?post=2454"}],"curies":[{"name":"wp","href":"https:\/\/api.w.org\/{rel}","templated":true}]}}