{"id":1405,"date":"2021-11-13T14:24:33","date_gmt":"2021-11-13T14:24:33","guid":{"rendered":"http:\/\/matchamoya.webzachvili.online\/?post_type=product&#038;p=1405"},"modified":"2024-08-26T18:38:24","modified_gmt":"2024-08-26T18:38:24","slug":"japonska-cajova-konvicka-kyusu-nami-na-zeleny-caj-moya-japan","status":"publish","type":"product","link":"http:\/\/matchamoya.webzachvili.online\/en\/shop\/originalni-cajove-prislusenstvi\/japonska-cajova-konvicka-kyusu-nami-na-zeleny-caj-moya-japan\/","title":{"rendered":"Japonsk\u00e1 \u010dajov\u00e1 konvi\u010dka Kyusu Nami na zelen\u00fd \u010daj &#8211; Moya Japan"},"content":{"rendered":"<h1>Japonsk\u00e1 \u010dajov\u00e1 konvi\u010dka Kyusu Nami na zelen\u00fd \u010daj &#8211; Moya Japan<\/h1>\n<p><!--more--><\/p>\n<p><strong>Kyusu<\/strong> je typick\u00e1 japonsk\u00e1 konvi\u010dka s v\u00fdrazn\u00fdm bo\u010dn\u00edm uchem, ur\u010den\u00e1 pro p\u0159\u00edpravu listov\u00e9ho zelen\u00e9ho \u010daje. Slovo \u201ekyusu\u201c znamen\u00e1 \u201ehrnec\u201c nebo \u201ekonvice\u201c, a proto lze v Japonsku pod stejn\u00fdm n\u00e1zvem nal\u00e9zt mnoho n\u00e1dob ur\u010den\u00fdch k p\u0159\u00edprav\u011b listov\u00e9ho \u010daje. Kyusu Nami se vyr\u00e1b\u00ed z tradi\u010dn\u00ed hrn\u010d\u00ed\u0159sk\u00e9 hl\u00edny. Pot\u011b\u0161\u00ed mnoha odst\u00edny tmav\u011b modr\u00e9 barvy. Takov\u00e1 jedine\u010dn\u00e1 barevn\u00e1 kombinace byla inspirac\u00ed pro jej\u00ed n\u00e1zev \u2013 \u201aNami\u2018 \u2013 co\u017e v japon\u0161tin\u011b znamen\u00e1 \u201avlna\u2018. Uvnit\u0159 n\u00e1doby je kovov\u00e9 s\u00edtko, kter\u00e9 zabra\u0148uje vniknut\u00ed \u010dajov\u00fdch l\u00edstk\u016f do hrnku p\u0159i nal\u00e9v\u00e1n\u00ed \u010daje.<\/p>\n<p>Konvi\u010dka Arashi Nami je v\u00fdrobek z regionu <strong>Tokoname<\/strong>. Tokoname je jednou ze \u0161esti nejstar\u0161\u00edch tradi\u010dn\u00edch lokalit specializovan\u00fdch na v\u00fdrobu keramiky, kter\u00e1 se nach\u00e1z\u00ed na japonsk\u00e9m poloostrov\u011b Chita.<\/p>\n<p>Jak pou\u017e\u00edvat konvi\u010dku kyusu? Do hrnce vlo\u017e\u00edme \u010d\u00e1st su\u0161en\u00fdch \u010dajov\u00fdch l\u00edstk\u016f a uva\u0159\u00edme podle n\u00e1vodu na obalu. Uva\u0159en\u00fd \u010daj nalijte do hrnku dle v\u00fdb\u011bru. Zbyl\u00e9 listy znovu spa\u0159te nebo dejte do ko\u0161e ur\u010den\u00e9ho na bioodpad.<\/p>","protected":false},"excerpt":{"rendered":"<p>Tradi\u010dn\u00ed japonsk\u00e1 konvi\u010dka na p\u0159\u00edpravu <strong><a href=\"http:\/\/matchamoya.webzachvili.online\/tradicni-japonske-listove-zelene-caje\/\">listov\u00e9ho zelen\u00e9ho \u010daje<\/a><\/strong> v modr\u00e9m proveden\u00ed Nami.<\/p>\n<p>OBJEM: 360 ml<br \/>\nV\u00dd\u0160KA: 8,5 cm<br \/>\n\u0160\u00cd\u0158KA: 17 cm<br \/>\nD\u00c9LKA: 14 cm<br \/>\nZEM\u011a P\u016eVODU: Japonsko<\/p>\n<p>Mo\u017eno m\u00fdt v my\u010dce.<\/p>","protected":false},"featured_media":2446,"comment_status":"open","ping_status":"closed","template":"","meta":[],"product_cat":[70],"product_tag":[],"class_list":{"0":"post-1405","1":"product","2":"type-product","3":"status-publish","4":"has-post-thumbnail","6":"product_cat-originalni-cajove-prislusenstvi","7":"product_shipping_class-dobra-dodani","9":"first","10":"instock","11":"taxable","12":"shipping-taxable","13":"purchasable","14":"product-type-simple"},"yoast_head":"<!-- This site is optimized with the Yoast SEO plugin v23.4 - https:\/\/yoast.com\/wordpress\/plugins\/seo\/ -->\n<title>Japonsk\u00e1 \u010dajov\u00e1 konvi\u010dka Kyusu Nami - zelen\u00fd \u010daj | Matcha Moya<\/title>\n<meta name=\"description\" content=\"Kyusu je typick\u00e1 japonsk\u00e1 konvi\u010dka s v\u00fdrazn\u00fdm bo\u010dn\u00edm uchem, ur\u010den\u00e1 pro p\u0159\u00edpravu listov\u00e9ho zelen\u00e9ho \u010daje a poch\u00e1z\u00ed z regionu Tokaname.\" \/>\n<meta name=\"robots\" content=\"index, follow, max-snippet:-1, max-image-preview:large, max-video-preview:-1\" \/>\n<link rel=\"canonical\" href=\"http:\/\/matchamoya.webzachvili.online\/en\/shop\/originalni-cajove-prislusenstvi\/japonska-cajova-konvicka-kyusu-nami-na-zeleny-caj-moya-japan\/\" \/>\n<meta property=\"og:locale\" content=\"en_US\" \/>\n<meta property=\"og:type\" content=\"article\" \/>\n<meta property=\"og:title\" content=\"Japonsk\u00e1 \u010dajov\u00e1 konvi\u010dka Kyusu Nami - zelen\u00fd \u010daj | Matcha Moya\" \/>\n<meta property=\"og:description\" content=\"Kyusu je typick\u00e1 japonsk\u00e1 konvi\u010dka s v\u00fdrazn\u00fdm bo\u010dn\u00edm uchem, ur\u010den\u00e1 pro p\u0159\u00edpravu listov\u00e9ho zelen\u00e9ho \u010daje a poch\u00e1z\u00ed z regionu Tokaname.\" \/>\n<meta property=\"og:url\" content=\"http:\/\/matchamoya.webzachvili.online\/en\/shop\/originalni-cajove-prislusenstvi\/japonska-cajova-konvicka-kyusu-nami-na-zeleny-caj-moya-japan\/\" \/>\n<meta property=\"og:site_name\" content=\"Matcha Moya\" \/>\n<meta property=\"article:modified_time\" content=\"2024-08-26T18:38:24+00:00\" \/>\n<meta property=\"og:image\" content=\"http:\/\/matchamoya.webzachvili.online\/wp-content\/uploads\/2021\/11\/moya-prislusenstvi-kyusu-teapot-nami-japan.png\" \/>\n\t<meta property=\"og:image:width\" content=\"1000\" \/>\n\t<meta property=\"og:image:height\" content=\"1000\" \/>\n\t<meta property=\"og:image:type\" content=\"image\/png\" \/>\n<meta name=\"twitter:card\" content=\"summary_large_image\" \/>\n<meta name=\"twitter:label1\" content=\"Est. reading time\" \/>\n\t<meta name=\"twitter:data1\" content=\"1 minute\" \/>\n<!-- \/ Yoast SEO plugin. -->","yoast_head_json":{"title":"Japonsk\u00e1 \u010dajov\u00e1 konvi\u010dka Kyusu Nami - zelen\u00fd \u010daj | Matcha Moya","description":"Kyusu je typick\u00e1 japonsk\u00e1 konvi\u010dka s v\u00fdrazn\u00fdm bo\u010dn\u00edm uchem, ur\u010den\u00e1 pro p\u0159\u00edpravu listov\u00e9ho zelen\u00e9ho \u010daje a poch\u00e1z\u00ed z regionu Tokaname.","robots":{"index":"index","follow":"follow","max-snippet":"max-snippet:-1","max-image-preview":"max-image-preview:large","max-video-preview":"max-video-preview:-1"},"canonical":"http:\/\/matchamoya.webzachvili.online\/en\/shop\/originalni-cajove-prislusenstvi\/japonska-cajova-konvicka-kyusu-nami-na-zeleny-caj-moya-japan\/","og_locale":"en_US","og_type":"article","og_title":"Japonsk\u00e1 \u010dajov\u00e1 konvi\u010dka Kyusu Nami - zelen\u00fd \u010daj | Matcha Moya","og_description":"Kyusu je typick\u00e1 japonsk\u00e1 konvi\u010dka s v\u00fdrazn\u00fdm bo\u010dn\u00edm uchem, ur\u010den\u00e1 pro p\u0159\u00edpravu listov\u00e9ho zelen\u00e9ho \u010daje a poch\u00e1z\u00ed z regionu Tokaname.","og_url":"http:\/\/matchamoya.webzachvili.online\/en\/shop\/originalni-cajove-prislusenstvi\/japonska-cajova-konvicka-kyusu-nami-na-zeleny-caj-moya-japan\/","og_site_name":"Matcha Moya","article_modified_time":"2024-08-26T18:38:24+00:00","og_image":[{"width":1000,"height":1000,"url":"http:\/\/matchamoya.webzachvili.online\/wp-content\/uploads\/2021\/11\/moya-prislusenstvi-kyusu-teapot-nami-japan.png","type":"image\/png"}],"twitter_card":"summary_large_image","twitter_misc":{"Est. reading time":"1 minute"},"schema":{"@context":"https:\/\/schema.org","@graph":[{"@type":"WebPage","@id":"http:\/\/matchamoya.webzachvili.online\/en\/shop\/originalni-cajove-prislusenstvi\/japonska-cajova-konvicka-kyusu-nami-na-zeleny-caj-moya-japan\/","url":"http:\/\/matchamoya.webzachvili.online\/en\/shop\/originalni-cajove-prislusenstvi\/japonska-cajova-konvicka-kyusu-nami-na-zeleny-caj-moya-japan\/","name":"Japonsk\u00e1 \u010dajov\u00e1 konvi\u010dka Kyusu Nami - zelen\u00fd \u010daj | Matcha Moya","isPartOf":{"@id":"http:\/\/matchamoya.webzachvili.online\/en\/#website"},"primaryImageOfPage":{"@id":"http:\/\/matchamoya.webzachvili.online\/en\/shop\/originalni-cajove-prislusenstvi\/japonska-cajova-konvicka-kyusu-nami-na-zeleny-caj-moya-japan\/#primaryimage"},"image":{"@id":"http:\/\/matchamoya.webzachvili.online\/en\/shop\/originalni-cajove-prislusenstvi\/japonska-cajova-konvicka-kyusu-nami-na-zeleny-caj-moya-japan\/#primaryimage"},"thumbnailUrl":"http:\/\/matchamoya.webzachvili.online\/wp-content\/uploads\/2021\/11\/moya-prislusenstvi-kyusu-teapot-nami-japan.png","datePublished":"2021-11-13T14:24:33+00:00","dateModified":"2024-08-26T18:38:24+00:00","description":"Kyusu je typick\u00e1 japonsk\u00e1 konvi\u010dka s v\u00fdrazn\u00fdm bo\u010dn\u00edm uchem, ur\u010den\u00e1 pro p\u0159\u00edpravu listov\u00e9ho zelen\u00e9ho \u010daje a poch\u00e1z\u00ed z regionu Tokaname.","breadcrumb":{"@id":"http:\/\/matchamoya.webzachvili.online\/en\/shop\/originalni-cajove-prislusenstvi\/japonska-cajova-konvicka-kyusu-nami-na-zeleny-caj-moya-japan\/#breadcrumb"},"inLanguage":"en-US","potentialAction":[{"@type":"ReadAction","target":["http:\/\/matchamoya.webzachvili.online\/en\/shop\/originalni-cajove-prislusenstvi\/japonska-cajova-konvicka-kyusu-nami-na-zeleny-caj-moya-japan\/"]}]},{"@type":"ImageObject","inLanguage":"en-US","@id":"http:\/\/matchamoya.webzachvili.online\/en\/shop\/originalni-cajove-prislusenstvi\/japonska-cajova-konvicka-kyusu-nami-na-zeleny-caj-moya-japan\/#primaryimage","url":"http:\/\/matchamoya.webzachvili.online\/wp-content\/uploads\/2021\/11\/moya-prislusenstvi-kyusu-teapot-nami-japan.png","contentUrl":"http:\/\/matchamoya.webzachvili.online\/wp-content\/uploads\/2021\/11\/moya-prislusenstvi-kyusu-teapot-nami-japan.png","width":1000,"height":1000,"caption":"nejkvalitnejsi-japonska-keramika"},{"@type":"BreadcrumbList","@id":"http:\/\/matchamoya.webzachvili.online\/en\/shop\/originalni-cajove-prislusenstvi\/japonska-cajova-konvicka-kyusu-nami-na-zeleny-caj-moya-japan\/#breadcrumb","itemListElement":[{"@type":"ListItem","position":1,"name":"Dom\u016f","item":"http:\/\/matchamoya.webzachvili.online\/"},{"@type":"ListItem","position":2,"name":"E-SHOP","item":"http:\/\/matchamoya.webzachvili.online\/en\/shop\/"},{"@type":"ListItem","position":3,"name":"Japonsk\u00e1 \u010dajov\u00e1 konvi\u010dka Kyusu Nami na zelen\u00fd \u010daj &#8211; Moya Japan"}]},{"@type":"WebSite","@id":"http:\/\/matchamoya.webzachvili.online\/en\/#website","url":"http:\/\/matchamoya.webzachvili.online\/en\/","name":"Matcha Moya","description":"Matcha Moya","publisher":{"@id":"http:\/\/matchamoya.webzachvili.online\/en\/#organization"},"potentialAction":[{"@type":"SearchAction","target":{"@type":"EntryPoint","urlTemplate":"http:\/\/matchamoya.webzachvili.online\/en\/?s={search_term_string}"},"query-input":{"@type":"PropertyValueSpecification","valueRequired":true,"valueName":"search_term_string"}}],"inLanguage":"en-US"},{"@type":"Organization","@id":"http:\/\/matchamoya.webzachvili.online\/en\/#organization","name":"Moya Matcha","url":"http:\/\/matchamoya.webzachvili.online\/en\/","logo":{"@type":"ImageObject","inLanguage":"en-US","@id":"http:\/\/matchamoya.webzachvili.online\/en\/#\/schema\/logo\/image\/","url":"http:\/\/matchamoya.webzachvili.online\/wp-content\/uploads\/2020\/03\/MOYA_Logo_Green-Black_02.png","contentUrl":"http:\/\/matchamoya.webzachvili.online\/wp-content\/uploads\/2020\/03\/MOYA_Logo_Green-Black_02.png","width":313,"height":310,"caption":"Moya Matcha"},"image":{"@id":"http:\/\/matchamoya.webzachvili.online\/en\/#\/schema\/logo\/image\/"}}]}},"_links":{"self":[{"href":"http:\/\/matchamoya.webzachvili.online\/en\/wp-json\/wp\/v2\/product\/1405","targetHints":{"allow":["GET"]}}],"collection":[{"href":"http:\/\/matchamoya.webzachvili.online\/en\/wp-json\/wp\/v2\/product"}],"about":[{"href":"http:\/\/matchamoya.webzachvili.online\/en\/wp-json\/wp\/v2\/types\/product"}],"replies":[{"embeddable":true,"href":"http:\/\/matchamoya.webzachvili.online\/en\/wp-json\/wp\/v2\/comments?post=1405"}],"wp:featuredmedia":[{"embeddable":true,"href":"http:\/\/matchamoya.webzachvili.online\/en\/wp-json\/wp\/v2\/media\/2446"}],"wp:attachment":[{"href":"http:\/\/matchamoya.webzachvili.online\/en\/wp-json\/wp\/v2\/media?parent=1405"}],"wp:term":[{"taxonomy":"product_cat","embeddable":true,"href":"http:\/\/matchamoya.webzachvili.online\/en\/wp-json\/wp\/v2\/product_cat?post=1405"},{"taxonomy":"product_tag","embeddable":true,"href":"http:\/\/matchamoya.webzachvili.online\/en\/wp-json\/wp\/v2\/product_tag?post=1405"}],"curies":[{"name":"wp","href":"https:\/\/api.w.org\/{rel}","templated":true}]}}