{"id":89,"date":"2013-08-11T19:22:53","date_gmt":"2013-08-11T19:22:53","guid":{"rendered":"http:\/\/localhost:8888\/test\/?page_id=532"},"modified":"2024-12-29T14:45:56","modified_gmt":"2024-12-29T14:45:56","slug":"kontakt","status":"publish","type":"page","link":"http:\/\/matchamoya.webzachvili.online\/en\/kontakt\/","title":{"rendered":"Kontakt"},"content":{"rendered":"<div data-elementor-type=\"wp-page\" data-elementor-id=\"89\" class=\"elementor elementor-89\" data-elementor-post-type=\"page\">\n\t\t\t\t\t\t<section class=\"elementor-section elementor-top-section elementor-element elementor-element-1a1d7e74 elementor-section-content-middle elementor-section-boxed elementor-section-height-default elementor-section-height-default\" data-id=\"1a1d7e74\" data-element_type=\"section\" data-settings=\"{&quot;background_background&quot;:&quot;classic&quot;}\">\n\t\t\t\t\t\t<div class=\"elementor-container elementor-column-gap-default\">\n\t\t\t\t\t<div class=\"elementor-column elementor-col-100 elementor-top-column elementor-element elementor-element-722c8c68\" data-id=\"722c8c68\" data-element_type=\"column\">\n\t\t\t<div class=\"elementor-widget-wrap elementor-element-populated\">\n\t\t\t\t\t\t\t<\/div>\n\t\t<\/div>\n\t\t\t\t\t<\/div>\n\t\t<\/section>\n\t\t\t\t<section class=\"elementor-section elementor-top-section elementor-element elementor-element-2a3e77dd elementor-section-content-middle elementor-section-boxed elementor-section-height-default elementor-section-height-default\" data-id=\"2a3e77dd\" data-element_type=\"section\" data-settings=\"{&quot;background_background&quot;:&quot;classic&quot;}\">\n\t\t\t\t\t\t\t<div class=\"elementor-background-overlay\"><\/div>\n\t\t\t\t\t\t\t<div class=\"elementor-container elementor-column-gap-default\">\n\t\t\t\t\t<div class=\"elementor-column elementor-col-100 elementor-top-column elementor-element elementor-element-49983bd2\" data-id=\"49983bd2\" data-element_type=\"column\" data-settings=\"{&quot;background_background&quot;:&quot;classic&quot;}\">\n\t\t\t<div class=\"elementor-widget-wrap elementor-element-populated\">\n\t\t\t\t\t\t<div class=\"elementor-element elementor-element-dd72dbd elementor-widget__width-initial elementor-widget elementor-widget-image\" data-id=\"dd72dbd\" data-element_type=\"widget\" data-widget_type=\"image.default\">\n\t\t\t\t<div class=\"elementor-widget-container\">\n\t\t\t\t\t\t\t\t\t\t\t\t\t\t\t<img fetchpriority=\"high\" decoding=\"async\" width=\"837\" height=\"310\" src=\"http:\/\/matchamoya.webzachvili.online\/wp-content\/uploads\/2020\/06\/MATCHA-MOYA-BGLOBAL-LOGO-kopie.png\" class=\"attachment-full size-full wp-image-631\" alt=\"\" srcset=\"http:\/\/matchamoya.webzachvili.online\/wp-content\/uploads\/2020\/06\/MATCHA-MOYA-BGLOBAL-LOGO-kopie.png 837w, http:\/\/matchamoya.webzachvili.online\/wp-content\/uploads\/2020\/06\/MATCHA-MOYA-BGLOBAL-LOGO-kopie-800x296.png 800w, http:\/\/matchamoya.webzachvili.online\/wp-content\/uploads\/2020\/06\/MATCHA-MOYA-BGLOBAL-LOGO-kopie-768x284.png 768w, http:\/\/matchamoya.webzachvili.online\/wp-content\/uploads\/2020\/06\/MATCHA-MOYA-BGLOBAL-LOGO-kopie-600x222.png 600w\" sizes=\"(max-width: 837px) 100vw, 837px\" \/>\t\t\t\t\t\t\t\t\t\t\t\t\t\t\t<\/div>\n\t\t\t\t<\/div>\n\t\t\t\t<div class=\"elementor-element elementor-element-cc911bd elementor-widget elementor-widget-heading\" data-id=\"cc911bd\" data-element_type=\"widget\" data-widget_type=\"heading.default\">\n\t\t\t\t<div class=\"elementor-widget-container\">\n\t\t\t\t\t<h4 class=\"elementor-heading-title elementor-size-default\">Jsme specialisti na japonsk\u00fd zelen\u00fd \u010daj matcha a sypan\u00e9 zelen\u00e9 \u010daje z oblasti Kagoshima.<\/h4>\t\t\t\t<\/div>\n\t\t\t\t<\/div>\n\t\t\t\t<div class=\"elementor-element elementor-element-7b9b1103 elementor-widget elementor-widget-text-editor\" data-id=\"7b9b1103\" data-element_type=\"widget\" data-widget_type=\"text-editor.default\">\n\t\t\t\t<div class=\"elementor-widget-container\">\n\t\t\t\t\t\t\t\t\t<p>V\u00fdhradn\u00ed distributor zna\u010dky MOYA JAPAN (53, Minamihonjukucho, Asahi-Ku, Yokohama, Kanagawa, Japan 241-0833) pro \u010ceskou republiku<\/p>\t\t\t\t\t\t\t\t<\/div>\n\t\t\t\t<\/div>\n\t\t\t\t\t<\/div>\n\t\t<\/div>\n\t\t\t\t\t<\/div>\n\t\t<\/section>\n\t\t\t\t<section class=\"elementor-section elementor-top-section elementor-element elementor-element-1657df2c elementor-reverse-mobile elementor-section-boxed elementor-section-height-default elementor-section-height-default\" data-id=\"1657df2c\" data-element_type=\"section\">\n\t\t\t\t\t\t<div class=\"elementor-container elementor-column-gap-default\">\n\t\t\t\t\t<div class=\"elementor-column elementor-col-33 elementor-top-column elementor-element elementor-element-6795267d animated-fast elementor-invisible\" data-id=\"6795267d\" data-element_type=\"column\" data-settings=\"{&quot;animation&quot;:&quot;fadeInUp&quot;,&quot;animation_delay&quot;:100}\">\n\t\t\t<div class=\"elementor-widget-wrap elementor-element-populated\">\n\t\t\t\t\t\t<div class=\"elementor-element elementor-element-341cc9c6 elementor-widget elementor-widget-heading\" data-id=\"341cc9c6\" data-element_type=\"widget\" data-widget_type=\"heading.default\">\n\t\t\t\t<div class=\"elementor-widget-container\">\n\t\t\t\t\t<h5 class=\"elementor-heading-title elementor-size-default\">Faktura\u010dn\u00ed adresa<\/h5>\t\t\t\t<\/div>\n\t\t\t\t<\/div>\n\t\t\t\t<div class=\"elementor-element elementor-element-4f01c274 elementor-widget elementor-widget-text-editor\" data-id=\"4f01c274\" data-element_type=\"widget\" data-widget_type=\"text-editor.default\">\n\t\t\t\t<div class=\"elementor-widget-container\">\n\t\t\t\t\t\t\t\t\t<p>B.GLOBAL ent., s.r.o.<\/p><p>K\u0159i\u017eovnick\u00e1 86\/6, Star\u00e9 M\u011bsto, 110 00 Praha 1<\/p><p>I\u010cO: 06631282, DI\u010c: CZ06631282<\/p>\t\t\t\t\t\t\t\t<\/div>\n\t\t\t\t<\/div>\n\t\t\t\t\t<\/div>\n\t\t<\/div>\n\t\t\t\t<div class=\"elementor-column elementor-col-33 elementor-top-column elementor-element elementor-element-1e225acf animated-fast elementor-invisible\" data-id=\"1e225acf\" data-element_type=\"column\" data-settings=\"{&quot;animation&quot;:&quot;fadeInUp&quot;,&quot;animation_delay&quot;:200}\">\n\t\t\t<div class=\"elementor-widget-wrap elementor-element-populated\">\n\t\t\t\t\t\t<div class=\"elementor-element elementor-element-75d38ea9 elementor-widget elementor-widget-heading\" data-id=\"75d38ea9\" data-element_type=\"widget\" data-widget_type=\"heading.default\">\n\t\t\t\t<div class=\"elementor-widget-container\">\n\t\t\t\t\t<h5 class=\"elementor-heading-title elementor-size-default\">Koresponden\u010dn\u00ed adresa<\/h5>\t\t\t\t<\/div>\n\t\t\t\t<\/div>\n\t\t\t\t<div class=\"elementor-element elementor-element-613f8b83 elementor-widget elementor-widget-text-editor\" data-id=\"613f8b83\" data-element_type=\"widget\" data-widget_type=\"text-editor.default\">\n\t\t\t\t<div class=\"elementor-widget-container\">\n\t\t\t\t\t\t\t\t\t<p>B.GLOBAL ent. s.r.o.\u00a0<\/p><p>Tu\u0159any 196, 27379 Tu\u0159any u Slan\u00e9ho\u00a0<\/p><p>I\u010cO: 06631282, DI\u010c: CZ06631282<\/p>\t\t\t\t\t\t\t\t<\/div>\n\t\t\t\t<\/div>\n\t\t\t\t\t<\/div>\n\t\t<\/div>\n\t\t\t\t<div class=\"elementor-column elementor-col-33 elementor-top-column elementor-element elementor-element-183abfff animated-fast elementor-invisible\" data-id=\"183abfff\" data-element_type=\"column\" data-settings=\"{&quot;animation&quot;:&quot;fadeInUp&quot;}\">\n\t\t\t<div class=\"elementor-widget-wrap elementor-element-populated\">\n\t\t\t\t\t\t<div class=\"elementor-element elementor-element-2123796d elementor-widget elementor-widget-heading\" data-id=\"2123796d\" data-element_type=\"widget\" data-widget_type=\"heading.default\">\n\t\t\t\t<div class=\"elementor-widget-container\">\n\t\t\t\t\t<h5 class=\"elementor-heading-title elementor-size-default\">Dotazy, objedn\u00e1vky, velkoobchod<\/h5>\t\t\t\t<\/div>\n\t\t\t\t<\/div>\n\t\t\t\t<div class=\"elementor-element elementor-element-1b8c9c83 elementor-widget elementor-widget-text-editor\" data-id=\"1b8c9c83\" data-element_type=\"widget\" data-widget_type=\"text-editor.default\">\n\t\t\t\t<div class=\"elementor-widget-container\">\n\t\t\t\t\t\t\t\t\t<p>david@bglobal.cz<br \/>+420 724 123 705<\/p>\t\t\t\t\t\t\t\t<\/div>\n\t\t\t\t<\/div>\n\t\t\t\t\t<\/div>\n\t\t<\/div>\n\t\t\t\t\t<\/div>\n\t\t<\/section>\n\t\t\t\t<section class=\"elementor-section elementor-top-section elementor-element elementor-element-57b164c6 elementor-section-boxed elementor-section-height-default elementor-section-height-default\" data-id=\"57b164c6\" data-element_type=\"section\">\n\t\t\t\t\t\t<div class=\"elementor-container elementor-column-gap-default\">\n\t\t\t\t\t<div class=\"elementor-column elementor-col-100 elementor-top-column elementor-element elementor-element-460de7a8\" data-id=\"460de7a8\" data-element_type=\"column\">\n\t\t\t<div class=\"elementor-widget-wrap elementor-element-populated\">\n\t\t\t\t\t\t<div class=\"elementor-element elementor-element-64dca41 elementor-widget elementor-widget-heading\" data-id=\"64dca41\" data-element_type=\"widget\" data-widget_type=\"heading.default\">\n\t\t\t\t<div class=\"elementor-widget-container\">\n\t\t\t\t\t<h3 class=\"elementor-heading-title elementor-size-default\">Na\u0161i obchodn\u00ed partne\u0159i<\/h3>\t\t\t\t<\/div>\n\t\t\t\t<\/div>\n\t\t\t\t<div class=\"elementor-element elementor-element-e4f5c19 elementor-widget elementor-widget-image-carousel\" data-id=\"e4f5c19\" data-element_type=\"widget\" data-settings=\"{&quot;slides_to_show&quot;:&quot;6&quot;,&quot;slides_to_show_tablet&quot;:&quot;4&quot;,&quot;slides_to_show_mobile&quot;:&quot;3&quot;,&quot;navigation&quot;:&quot;none&quot;,&quot;image_spacing_custom&quot;:{&quot;unit&quot;:&quot;px&quot;,&quot;size&quot;:30,&quot;sizes&quot;:[]},&quot;autoplay&quot;:&quot;yes&quot;,&quot;pause_on_hover&quot;:&quot;yes&quot;,&quot;pause_on_interaction&quot;:&quot;yes&quot;,&quot;autoplay_speed&quot;:5000,&quot;infinite&quot;:&quot;yes&quot;,&quot;speed&quot;:500,&quot;image_spacing_custom_tablet&quot;:{&quot;unit&quot;:&quot;px&quot;,&quot;size&quot;:&quot;&quot;,&quot;sizes&quot;:[]},&quot;image_spacing_custom_mobile&quot;:{&quot;unit&quot;:&quot;px&quot;,&quot;size&quot;:&quot;&quot;,&quot;sizes&quot;:[]}}\" data-widget_type=\"image-carousel.default\">\n\t\t\t\t<div class=\"elementor-widget-container\">\n\t\t\t\t\t\t\t<div class=\"elementor-image-carousel-wrapper swiper\" role=\"region\" aria-roledescription=\"carousel\" aria-label=\"Obr\u00e1zkov\u00fd koloto\u010d\" dir=\"ltr\">\n\t\t\t<div class=\"elementor-image-carousel swiper-wrapper\" aria-live=\"off\">\n\t\t\t\t\t\t\t\t<div class=\"swiper-slide\" role=\"group\" aria-roledescription=\"slide\" aria-label=\"1 of 6\"><figure class=\"swiper-slide-inner\"><img decoding=\"async\" class=\"swiper-slide-image\" src=\"http:\/\/matchamoya.webzachvili.online\/wp-content\/uploads\/2023\/03\/logo-_0002_Vrstva-2.jpg\" alt=\"logo _0002_Vrstva 2\" \/><\/figure><\/div><div class=\"swiper-slide\" role=\"group\" aria-roledescription=\"slide\" aria-label=\"2 of 6\"><figure class=\"swiper-slide-inner\"><img decoding=\"async\" class=\"swiper-slide-image\" src=\"http:\/\/matchamoya.webzachvili.online\/wp-content\/uploads\/2023\/03\/logo-_0003_Vrstva-5.jpg\" alt=\"logo _0003_Vrstva 5\" \/><\/figure><\/div><div class=\"swiper-slide\" role=\"group\" aria-roledescription=\"slide\" aria-label=\"3 of 6\"><figure class=\"swiper-slide-inner\"><img decoding=\"async\" class=\"swiper-slide-image\" src=\"http:\/\/matchamoya.webzachvili.online\/wp-content\/uploads\/2023\/03\/logo-_0001_Vrstva-3.jpg\" alt=\"logo _0001_Vrstva 3\" \/><\/figure><\/div><div class=\"swiper-slide\" role=\"group\" aria-roledescription=\"slide\" aria-label=\"4 of 6\"><figure class=\"swiper-slide-inner\"><img decoding=\"async\" class=\"swiper-slide-image\" src=\"http:\/\/matchamoya.webzachvili.online\/wp-content\/uploads\/2023\/03\/logo-_0000_Vrstva-4.jpg\" alt=\"logo _0000_Vrstva 4\" \/><\/figure><\/div><div class=\"swiper-slide\" role=\"group\" aria-roledescription=\"slide\" aria-label=\"5 of 6\"><figure class=\"swiper-slide-inner\"><img decoding=\"async\" class=\"swiper-slide-image\" src=\"http:\/\/matchamoya.webzachvili.online\/wp-content\/uploads\/2023\/03\/logo-_0004_Vrstva-1.jpg\" alt=\"logo _0004_Vrstva 1\" \/><\/figure><\/div><div class=\"swiper-slide\" role=\"group\" aria-roledescription=\"slide\" aria-label=\"6 of 6\"><figure class=\"swiper-slide-inner\"><img decoding=\"async\" class=\"swiper-slide-image\" src=\"http:\/\/matchamoya.webzachvili.online\/wp-content\/uploads\/2020\/11\/chlaba-brno.png\" alt=\"Chleba Brno\" \/><\/figure><\/div>\t\t\t<\/div>\n\t\t\t\t\t\t\t\n\t\t\t\t\t\t\t\t\t<\/div>\n\t\t\t\t\t\t<\/div>\n\t\t\t\t<\/div>\n\t\t\t\t\t<\/div>\n\t\t<\/div>\n\t\t\t\t\t<\/div>\n\t\t<\/section>\n\t\t\t\t<\/div>","protected":false},"excerpt":{"rendered":"<p>Jsme specialisti na japonsk\u00fd zelen\u00fd \u010daj matcha a sypan\u00e9 zelen\u00e9 \u010daje z oblasti Kagoshima. V\u00fdhradn\u00ed distributor zna\u010dky MOYA JAPAN (53, Minamihonjukucho, Asahi-Ku, Yokohama, Kanagawa, Japan 241-0833) pro \u010ceskou republiku Faktura\u010dn\u00ed adresa B.GLOBAL ent., s.r.o. K\u0159i\u017eovnick\u00e1 86\/6, Star\u00e9 M\u011bsto, 110 00 Praha 1 I\u010cO: 06631282, DI\u010c: CZ06631282 Koresponden\u010dn\u00ed adresa B.GLOBAL ent. s.r.o.\u00a0 Tu\u0159any 196, 27379 Tu\u0159any [&#8230;]","protected":false},"author":1,"featured_media":13,"parent":0,"menu_order":0,"comment_status":"closed","ping_status":"closed","template":"page-blank.php","meta":{"footnotes":""},"class_list":["post-89","page","type-page","status-publish","has-post-thumbnail","hentry"],"yoast_head":"<!-- This site is optimized with the Yoast SEO plugin v23.4 - https:\/\/yoast.com\/wordpress\/plugins\/seo\/ -->\n<title>Matcha Moya | Kontakt - Specialisti na japonsk\u00fd zelen\u00fd \u010daj Matcha<\/title>\n<meta name=\"description\" content=\"Kontaktn\u00ed informace - specialisti na japonsk\u00fd zelen\u00fd \u010daj matcha v bio kvalit\u011b a sypan\u00e9 organick\u00e9 zelen\u00e9 \u010daje z oblasti Kagoshima.\" \/>\n<meta name=\"robots\" content=\"index, follow, max-snippet:-1, max-image-preview:large, max-video-preview:-1\" \/>\n<link rel=\"canonical\" href=\"http:\/\/matchamoya.webzachvili.online\/en\/kontakt\/\" \/>\n<meta property=\"og:locale\" content=\"en_US\" \/>\n<meta property=\"og:type\" content=\"article\" \/>\n<meta property=\"og:title\" content=\"Matcha Moya | Kontakt - Specialisti na japonsk\u00fd zelen\u00fd \u010daj Matcha\" \/>\n<meta property=\"og:description\" content=\"Kontaktn\u00ed informace - specialisti na japonsk\u00fd zelen\u00fd \u010daj matcha v bio kvalit\u011b a sypan\u00e9 organick\u00e9 zelen\u00e9 \u010daje z oblasti Kagoshima.\" \/>\n<meta property=\"og:url\" content=\"http:\/\/matchamoya.webzachvili.online\/en\/kontakt\/\" \/>\n<meta property=\"og:site_name\" content=\"Matcha Moya\" \/>\n<meta property=\"article:modified_time\" content=\"2024-12-29T14:45:56+00:00\" \/>\n<meta property=\"og:image\" content=\"http:\/\/matchamoya.webzachvili.online\/wp-content\/uploads\/2016\/08\/dummy-1.jpg\" \/>\n\t<meta property=\"og:image:width\" content=\"400\" \/>\n\t<meta property=\"og:image:height\" content=\"260\" \/>\n\t<meta property=\"og:image:type\" content=\"image\/jpeg\" \/>\n<meta name=\"twitter:card\" content=\"summary_large_image\" \/>\n<meta name=\"twitter:label1\" content=\"Est. reading time\" \/>\n\t<meta name=\"twitter:data1\" content=\"5 minutes\" \/>\n<!-- \/ Yoast SEO plugin. -->","yoast_head_json":{"title":"Matcha Moya | Kontakt - Specialisti na japonsk\u00fd zelen\u00fd \u010daj Matcha","description":"Kontaktn\u00ed informace - specialisti na japonsk\u00fd zelen\u00fd \u010daj matcha v bio kvalit\u011b a sypan\u00e9 organick\u00e9 zelen\u00e9 \u010daje z oblasti Kagoshima.","robots":{"index":"index","follow":"follow","max-snippet":"max-snippet:-1","max-image-preview":"max-image-preview:large","max-video-preview":"max-video-preview:-1"},"canonical":"http:\/\/matchamoya.webzachvili.online\/en\/kontakt\/","og_locale":"en_US","og_type":"article","og_title":"Matcha Moya | Kontakt - Specialisti na japonsk\u00fd zelen\u00fd \u010daj Matcha","og_description":"Kontaktn\u00ed informace - specialisti na japonsk\u00fd zelen\u00fd \u010daj matcha v bio kvalit\u011b a sypan\u00e9 organick\u00e9 zelen\u00e9 \u010daje z oblasti Kagoshima.","og_url":"http:\/\/matchamoya.webzachvili.online\/en\/kontakt\/","og_site_name":"Matcha Moya","article_modified_time":"2024-12-29T14:45:56+00:00","og_image":[{"width":400,"height":260,"url":"http:\/\/matchamoya.webzachvili.online\/wp-content\/uploads\/2016\/08\/dummy-1.jpg","type":"image\/jpeg"}],"twitter_card":"summary_large_image","twitter_misc":{"Est. reading time":"5 minutes"},"schema":{"@context":"https:\/\/schema.org","@graph":[{"@type":"WebPage","@id":"http:\/\/matchamoya.webzachvili.online\/en\/kontakt\/","url":"http:\/\/matchamoya.webzachvili.online\/en\/kontakt\/","name":"Matcha Moya | Kontakt - Specialisti na japonsk\u00fd zelen\u00fd \u010daj Matcha","isPartOf":{"@id":"http:\/\/matchamoya.webzachvili.online\/en\/#website"},"primaryImageOfPage":{"@id":"http:\/\/matchamoya.webzachvili.online\/en\/kontakt\/#primaryimage"},"image":{"@id":"http:\/\/matchamoya.webzachvili.online\/en\/kontakt\/#primaryimage"},"thumbnailUrl":"http:\/\/matchamoya.webzachvili.online\/wp-content\/uploads\/2016\/08\/dummy-1.jpg","datePublished":"2013-08-11T19:22:53+00:00","dateModified":"2024-12-29T14:45:56+00:00","description":"Kontaktn\u00ed informace - specialisti na japonsk\u00fd zelen\u00fd \u010daj matcha v bio kvalit\u011b a sypan\u00e9 organick\u00e9 zelen\u00e9 \u010daje z oblasti Kagoshima.","breadcrumb":{"@id":"http:\/\/matchamoya.webzachvili.online\/en\/kontakt\/#breadcrumb"},"inLanguage":"en-US","potentialAction":[{"@type":"ReadAction","target":["http:\/\/matchamoya.webzachvili.online\/en\/kontakt\/"]}]},{"@type":"ImageObject","inLanguage":"en-US","@id":"http:\/\/matchamoya.webzachvili.online\/en\/kontakt\/#primaryimage","url":"http:\/\/matchamoya.webzachvili.online\/wp-content\/uploads\/2016\/08\/dummy-1.jpg","contentUrl":"http:\/\/matchamoya.webzachvili.online\/wp-content\/uploads\/2016\/08\/dummy-1.jpg","width":400,"height":260},{"@type":"BreadcrumbList","@id":"http:\/\/matchamoya.webzachvili.online\/en\/kontakt\/#breadcrumb","itemListElement":[{"@type":"ListItem","position":1,"name":"Dom\u016f","item":"http:\/\/matchamoya.webzachvili.online\/"},{"@type":"ListItem","position":2,"name":"Kontakt"}]},{"@type":"WebSite","@id":"http:\/\/matchamoya.webzachvili.online\/en\/#website","url":"http:\/\/matchamoya.webzachvili.online\/en\/","name":"Matcha Moya","description":"Matcha Moya","publisher":{"@id":"http:\/\/matchamoya.webzachvili.online\/en\/#organization"},"potentialAction":[{"@type":"SearchAction","target":{"@type":"EntryPoint","urlTemplate":"http:\/\/matchamoya.webzachvili.online\/en\/?s={search_term_string}"},"query-input":{"@type":"PropertyValueSpecification","valueRequired":true,"valueName":"search_term_string"}}],"inLanguage":"en-US"},{"@type":"Organization","@id":"http:\/\/matchamoya.webzachvili.online\/en\/#organization","name":"Moya Matcha","url":"http:\/\/matchamoya.webzachvili.online\/en\/","logo":{"@type":"ImageObject","inLanguage":"en-US","@id":"http:\/\/matchamoya.webzachvili.online\/en\/#\/schema\/logo\/image\/","url":"http:\/\/matchamoya.webzachvili.online\/wp-content\/uploads\/2020\/03\/MOYA_Logo_Green-Black_02.png","contentUrl":"http:\/\/matchamoya.webzachvili.online\/wp-content\/uploads\/2020\/03\/MOYA_Logo_Green-Black_02.png","width":313,"height":310,"caption":"Moya Matcha"},"image":{"@id":"http:\/\/matchamoya.webzachvili.online\/en\/#\/schema\/logo\/image\/"}}]}},"_links":{"self":[{"href":"http:\/\/matchamoya.webzachvili.online\/en\/wp-json\/wp\/v2\/pages\/89","targetHints":{"allow":["GET"]}}],"collection":[{"href":"http:\/\/matchamoya.webzachvili.online\/en\/wp-json\/wp\/v2\/pages"}],"about":[{"href":"http:\/\/matchamoya.webzachvili.online\/en\/wp-json\/wp\/v2\/types\/page"}],"author":[{"embeddable":true,"href":"http:\/\/matchamoya.webzachvili.online\/en\/wp-json\/wp\/v2\/users\/1"}],"replies":[{"embeddable":true,"href":"http:\/\/matchamoya.webzachvili.online\/en\/wp-json\/wp\/v2\/comments?post=89"}],"version-history":[{"count":29,"href":"http:\/\/matchamoya.webzachvili.online\/en\/wp-json\/wp\/v2\/pages\/89\/revisions"}],"predecessor-version":[{"id":3141,"href":"http:\/\/matchamoya.webzachvili.online\/en\/wp-json\/wp\/v2\/pages\/89\/revisions\/3141"}],"wp:featuredmedia":[{"embeddable":true,"href":"http:\/\/matchamoya.webzachvili.online\/en\/wp-json\/wp\/v2\/media\/13"}],"wp:attachment":[{"href":"http:\/\/matchamoya.webzachvili.online\/en\/wp-json\/wp\/v2\/media?parent=89"}],"curies":[{"name":"wp","href":"https:\/\/api.w.org\/{rel}","templated":true}]}}