{"id":62,"date":"2015-11-19T10:40:52","date_gmt":"2015-11-19T10:40:52","guid":{"rendered":"http:\/\/flatsome.dev\/my-account\/"},"modified":"2020-03-28T09:50:56","modified_gmt":"2020-03-28T09:50:56","slug":"my-account","status":"publish","type":"page","link":"http:\/\/matchamoya.webzachvili.online\/en\/my-account\/","title":{"rendered":"M\u016fj \u00fa\u010det"},"content":{"rendered":"<div class=\"woocommerce\"><\/div>","protected":false},"excerpt":{"rendered":"","protected":false},"author":1,"featured_media":0,"parent":0,"menu_order":0,"comment_status":"closed","ping_status":"closed","template":"","meta":{"footnotes":""},"class_list":["post-62","page","type-page","status-publish","hentry"],"yoast_head":"<!-- This site is optimized with the Yoast SEO plugin v23.4 - https:\/\/yoast.com\/wordpress\/plugins\/seo\/ -->\n<title>M\u016fj \u00fa\u010det | Matcha Moya<\/title>\n<meta name=\"robots\" content=\"index, follow, max-snippet:-1, max-image-preview:large, max-video-preview:-1\" \/>\n<link rel=\"canonical\" href=\"http:\/\/matchamoya.webzachvili.online\/en\/my-account\/\" \/>\n<meta property=\"og:locale\" content=\"en_US\" \/>\n<meta property=\"og:type\" content=\"article\" \/>\n<meta property=\"og:title\" content=\"M\u016fj \u00fa\u010det | Matcha Moya\" \/>\n<meta property=\"og:url\" content=\"http:\/\/matchamoya.webzachvili.online\/en\/my-account\/\" \/>\n<meta property=\"og:site_name\" content=\"Matcha Moya\" \/>\n<meta property=\"article:modified_time\" content=\"2020-03-28T09:50:56+00:00\" \/>\n<meta name=\"twitter:card\" content=\"summary_large_image\" \/>\n<!-- \/ Yoast SEO plugin. -->","yoast_head_json":{"title":"M\u016fj \u00fa\u010det | Matcha Moya","robots":{"index":"index","follow":"follow","max-snippet":"max-snippet:-1","max-image-preview":"max-image-preview:large","max-video-preview":"max-video-preview:-1"},"canonical":"http:\/\/matchamoya.webzachvili.online\/en\/my-account\/","og_locale":"en_US","og_type":"article","og_title":"M\u016fj \u00fa\u010det | Matcha Moya","og_url":"http:\/\/matchamoya.webzachvili.online\/en\/my-account\/","og_site_name":"Matcha Moya","article_modified_time":"2020-03-28T09:50:56+00:00","twitter_card":"summary_large_image","schema":{"@context":"https:\/\/schema.org","@graph":[{"@type":"WebPage","@id":"http:\/\/matchamoya.webzachvili.online\/en\/my-account\/","url":"http:\/\/matchamoya.webzachvili.online\/en\/my-account\/","name":"M\u016fj \u00fa\u010det | Matcha Moya","isPartOf":{"@id":"http:\/\/matchamoya.webzachvili.online\/en\/#website"},"datePublished":"2015-11-19T10:40:52+00:00","dateModified":"2020-03-28T09:50:56+00:00","breadcrumb":{"@id":"http:\/\/matchamoya.webzachvili.online\/en\/my-account\/#breadcrumb"},"inLanguage":"en-US","potentialAction":[{"@type":"ReadAction","target":["http:\/\/matchamoya.webzachvili.online\/en\/my-account\/"]}]},{"@type":"BreadcrumbList","@id":"http:\/\/matchamoya.webzachvili.online\/en\/my-account\/#breadcrumb","itemListElement":[{"@type":"ListItem","position":1,"name":"Dom\u016f","item":"http:\/\/matchamoya.webzachvili.online\/"},{"@type":"ListItem","position":2,"name":"M\u016fj \u00fa\u010det"}]},{"@type":"WebSite","@id":"http:\/\/matchamoya.webzachvili.online\/en\/#website","url":"http:\/\/matchamoya.webzachvili.online\/en\/","name":"Matcha Moya","description":"Matcha Moya","publisher":{"@id":"http:\/\/matchamoya.webzachvili.online\/en\/#organization"},"potentialAction":[{"@type":"SearchAction","target":{"@type":"EntryPoint","urlTemplate":"http:\/\/matchamoya.webzachvili.online\/en\/?s={search_term_string}"},"query-input":{"@type":"PropertyValueSpecification","valueRequired":true,"valueName":"search_term_string"}}],"inLanguage":"en-US"},{"@type":"Organization","@id":"http:\/\/matchamoya.webzachvili.online\/en\/#organization","name":"Moya Matcha","url":"http:\/\/matchamoya.webzachvili.online\/en\/","logo":{"@type":"ImageObject","inLanguage":"en-US","@id":"http:\/\/matchamoya.webzachvili.online\/en\/#\/schema\/logo\/image\/","url":"http:\/\/matchamoya.webzachvili.online\/wp-content\/uploads\/2020\/03\/MOYA_Logo_Green-Black_02.png","contentUrl":"http:\/\/matchamoya.webzachvili.online\/wp-content\/uploads\/2020\/03\/MOYA_Logo_Green-Black_02.png","width":313,"height":310,"caption":"Moya Matcha"},"image":{"@id":"http:\/\/matchamoya.webzachvili.online\/en\/#\/schema\/logo\/image\/"}}]}},"_links":{"self":[{"href":"http:\/\/matchamoya.webzachvili.online\/en\/wp-json\/wp\/v2\/pages\/62","targetHints":{"allow":["GET"]}}],"collection":[{"href":"http:\/\/matchamoya.webzachvili.online\/en\/wp-json\/wp\/v2\/pages"}],"about":[{"href":"http:\/\/matchamoya.webzachvili.online\/en\/wp-json\/wp\/v2\/types\/page"}],"author":[{"embeddable":true,"href":"http:\/\/matchamoya.webzachvili.online\/en\/wp-json\/wp\/v2\/users\/1"}],"replies":[{"embeddable":true,"href":"http:\/\/matchamoya.webzachvili.online\/en\/wp-json\/wp\/v2\/comments?post=62"}],"version-history":[{"count":0,"href":"http:\/\/matchamoya.webzachvili.online\/en\/wp-json\/wp\/v2\/pages\/62\/revisions"}],"wp:attachment":[{"href":"http:\/\/matchamoya.webzachvili.online\/en\/wp-json\/wp\/v2\/media?parent=62"}],"curies":[{"name":"wp","href":"https:\/\/api.w.org\/{rel}","templated":true}]}}