{"id":511,"date":"2020-04-26T13:45:39","date_gmt":"2020-04-26T13:45:39","guid":{"rendered":"http:\/\/matchamoya.webzachvili.online\/?page_id=511"},"modified":"2024-12-29T20:28:42","modified_gmt":"2024-12-29T20:28:42","slug":"historie-matcha","status":"publish","type":"page","link":"http:\/\/matchamoya.webzachvili.online\/en\/historie-matcha\/","title":{"rendered":"Historie matcha"},"content":{"rendered":"<div data-elementor-type=\"wp-page\" data-elementor-id=\"511\" class=\"elementor elementor-511\" data-elementor-post-type=\"page\">\n\t\t\t\t\t\t<section class=\"elementor-section elementor-top-section elementor-element elementor-element-abb30ea elementor-section-content-middle elementor-section-boxed elementor-section-height-default elementor-section-height-default\" data-id=\"abb30ea\" data-element_type=\"section\" data-settings=\"{&quot;background_background&quot;:&quot;classic&quot;}\">\n\t\t\t\t\t\t<div class=\"elementor-container elementor-column-gap-default\">\n\t\t\t\t\t<div class=\"elementor-column elementor-col-100 elementor-top-column elementor-element elementor-element-a6d3f90\" data-id=\"a6d3f90\" data-element_type=\"column\">\n\t\t\t<div class=\"elementor-widget-wrap elementor-element-populated\">\n\t\t\t\t\t\t\t<\/div>\n\t\t<\/div>\n\t\t\t\t\t<\/div>\n\t\t<\/section>\n\t\t\t\t<section class=\"elementor-section elementor-top-section elementor-element elementor-element-3b7923e elementor-section-boxed elementor-section-height-default elementor-section-height-default\" data-id=\"3b7923e\" data-element_type=\"section\">\n\t\t\t\t\t\t<div class=\"elementor-container elementor-column-gap-default\">\n\t\t\t\t\t<div class=\"elementor-column elementor-col-100 elementor-top-column elementor-element elementor-element-c2c9f99\" data-id=\"c2c9f99\" data-element_type=\"column\">\n\t\t\t<div class=\"elementor-widget-wrap elementor-element-populated\">\n\t\t\t\t\t\t<div class=\"elementor-element elementor-element-6b0d7d2 elementor-widget elementor-widget-spacer\" data-id=\"6b0d7d2\" data-element_type=\"widget\" data-widget_type=\"spacer.default\">\n\t\t\t\t<div class=\"elementor-widget-container\">\n\t\t\t\t\t\t\t<div class=\"elementor-spacer\">\n\t\t\t<div class=\"elementor-spacer-inner\"><\/div>\n\t\t<\/div>\n\t\t\t\t\t\t<\/div>\n\t\t\t\t<\/div>\n\t\t\t\t\t<\/div>\n\t\t<\/div>\n\t\t\t\t\t<\/div>\n\t\t<\/section>\n\t\t\t\t<section class=\"elementor-section elementor-top-section elementor-element elementor-element-4c886df elementor-section-boxed elementor-section-height-default elementor-section-height-default\" data-id=\"4c886df\" data-element_type=\"section\" data-settings=\"{&quot;background_background&quot;:&quot;classic&quot;}\">\n\t\t\t\t\t\t<div class=\"elementor-container elementor-column-gap-default\">\n\t\t\t\t\t<div class=\"elementor-column elementor-col-100 elementor-top-column elementor-element elementor-element-7c6b01d\" data-id=\"7c6b01d\" data-element_type=\"column\">\n\t\t\t<div class=\"elementor-widget-wrap elementor-element-populated\">\n\t\t\t\t\t\t<section class=\"elementor-section elementor-inner-section elementor-element elementor-element-8e26eb7 elementor-section-full_width elementor-section-height-default elementor-section-height-default\" data-id=\"8e26eb7\" data-element_type=\"section\">\n\t\t\t\t\t\t<div class=\"elementor-container elementor-column-gap-default\">\n\t\t\t\t\t<div class=\"elementor-column elementor-col-100 elementor-inner-column elementor-element elementor-element-6379012\" data-id=\"6379012\" data-element_type=\"column\">\n\t\t\t<div class=\"elementor-widget-wrap elementor-element-populated\">\n\t\t\t\t\t\t<div class=\"elementor-element elementor-element-49e34b4 elementor-widget elementor-widget-text-editor\" data-id=\"49e34b4\" data-element_type=\"widget\" data-widget_type=\"text-editor.default\">\n\t\t\t\t<div class=\"elementor-widget-container\">\n\t\t\t\t\t\t\t\t\t<p>Historie zelen\u00e9ho \u010daje v \u010c\u00edn\u011b sah\u00e1 a\u017e do 8. stolet\u00ed a zp\u016fsob v\u00fdroby pr\u00e1\u0161kov\u00e9ho \u010daje z list\u016f se stal popul\u00e1rn\u00ed ve 12. stolet\u00ed. \u010caj matcha objevil buddhistick\u00fd mnich Myoan Eisai a p\u0159inesl ho do Japonska. Esai si uv\u011bdomil, \u017ee pit\u00ed matcha zlep\u0161ilo jeho zenov\u00e9 medita\u010dn\u00ed sezen\u00ed t\u00edm, \u017ee vyvolalo stav klidn\u00e9 bd\u011blosti. (Dnes v\u00edme, \u017ee je to d\u00edky vz\u00e1jemn\u00e9mu p\u016fsoben\u00ed kofeinu matcha a L-theaninu). Pit\u00ed \u010daje matcha nejen napom\u00e1hala medita\u010dn\u00edm snah\u00e1m zensk\u00fdch mnich\u016f, ale tak\u00e9 se stalo prost\u0159edkem k dosa\u017een\u00ed osv\u00edcen\u00ed v tradi\u010dn\u00ed japonsk\u00e9 kultu\u0159e.<\/p><p>Ob\u011btov\u00e1n\u00ed misky n\u00e1poje Buddhovi bylo sou\u010d\u00e1st\u00ed ka\u017edodenn\u00edch chr\u00e1mov\u00fdch praktik. Skromn\u00e1 forma \u010dajov\u00e9ho ob\u0159adu, kter\u00fd p\u0159e\u017eil dodnes, a jeho poselstv\u00ed kr\u00e1sy obsa\u017een\u00e9 v jednoduchosti evokuj\u00edc\u00ed obdiv i na Z\u00e1pad\u011b, se objevilo v 16. stolet\u00ed. Dnes tradi\u010dn\u00ed \u010dajov\u00fd ob\u0159ad matcha poskytuje p\u0159\u00edle\u017eitosti pro setk\u00e1v\u00e1n\u00ed, intelektu\u00e1ln\u00ed v\u00fdm\u011bnu, prohlubuje erudici a je v\u00fdrazem p\u00e9\u010de a kontinuity tradice.<\/p>\t\t\t\t\t\t\t\t<\/div>\n\t\t\t\t<\/div>\n\t\t\t\t\t<\/div>\n\t\t<\/div>\n\t\t\t\t\t<\/div>\n\t\t<\/section>\n\t\t\t\t\t<\/div>\n\t\t<\/div>\n\t\t\t\t\t<\/div>\n\t\t<\/section>\n\t\t\t\t<\/div>","protected":false},"excerpt":{"rendered":"<p>Historie zelen\u00e9ho \u010daje v \u010c\u00edn\u011b sah\u00e1 a\u017e do 8. stolet\u00ed a zp\u016fsob v\u00fdroby pr\u00e1\u0161kov\u00e9ho \u010daje z list\u016f se stal popul\u00e1rn\u00ed ve 12. stolet\u00ed. \u010caj matcha objevil buddhistick\u00fd mnich Myoan Eisai a p\u0159inesl ho do Japonska. Esai si uv\u011bdomil, \u017ee pit\u00ed matcha zlep\u0161ilo jeho zenov\u00e9 medita\u010dn\u00ed sezen\u00ed t\u00edm, \u017ee vyvolalo stav klidn\u00e9 bd\u011blosti. (Dnes v\u00edme, \u017ee [&#8230;]","protected":false},"author":1,"featured_media":0,"parent":0,"menu_order":0,"comment_status":"closed","ping_status":"closed","template":"page-blank.php","meta":{"footnotes":""},"class_list":["post-511","page","type-page","status-publish","hentry"],"yoast_head":"<!-- This site is optimized with the Yoast SEO plugin v23.4 - https:\/\/yoast.com\/wordpress\/plugins\/seo\/ -->\n<title>Historie matcha | Matcha Moya<\/title>\n<meta name=\"robots\" content=\"index, follow, max-snippet:-1, max-image-preview:large, max-video-preview:-1\" \/>\n<link rel=\"canonical\" href=\"http:\/\/matchamoya.webzachvili.online\/en\/historie-matcha\/\" \/>\n<meta property=\"og:locale\" content=\"en_US\" \/>\n<meta property=\"og:type\" content=\"article\" \/>\n<meta property=\"og:title\" content=\"Historie matcha | Matcha Moya\" \/>\n<meta property=\"og:description\" content=\"Historie zelen\u00e9ho \u010daje v \u010c\u00edn\u011b sah\u00e1 a\u017e do 8. stolet\u00ed a zp\u016fsob v\u00fdroby pr\u00e1\u0161kov\u00e9ho \u010daje z list\u016f se stal popul\u00e1rn\u00ed ve 12. stolet\u00ed. \u010caj matcha objevil buddhistick\u00fd mnich Myoan Eisai a p\u0159inesl ho do Japonska. Esai si uv\u011bdomil, \u017ee pit\u00ed matcha zlep\u0161ilo jeho zenov\u00e9 medita\u010dn\u00ed sezen\u00ed t\u00edm, \u017ee vyvolalo stav klidn\u00e9 bd\u011blosti. (Dnes v\u00edme, \u017ee [...]\" \/>\n<meta property=\"og:url\" content=\"http:\/\/matchamoya.webzachvili.online\/en\/historie-matcha\/\" \/>\n<meta property=\"og:site_name\" content=\"Matcha Moya\" \/>\n<meta property=\"article:modified_time\" content=\"2024-12-29T20:28:42+00:00\" \/>\n<meta name=\"twitter:card\" content=\"summary_large_image\" \/>\n<meta name=\"twitter:label1\" content=\"Est. reading time\" \/>\n\t<meta name=\"twitter:data1\" content=\"1 minute\" \/>\n<!-- \/ Yoast SEO plugin. -->","yoast_head_json":{"title":"Historie matcha | Matcha Moya","robots":{"index":"index","follow":"follow","max-snippet":"max-snippet:-1","max-image-preview":"max-image-preview:large","max-video-preview":"max-video-preview:-1"},"canonical":"http:\/\/matchamoya.webzachvili.online\/en\/historie-matcha\/","og_locale":"en_US","og_type":"article","og_title":"Historie matcha | Matcha Moya","og_description":"Historie zelen\u00e9ho \u010daje v \u010c\u00edn\u011b sah\u00e1 a\u017e do 8. stolet\u00ed a zp\u016fsob v\u00fdroby pr\u00e1\u0161kov\u00e9ho \u010daje z list\u016f se stal popul\u00e1rn\u00ed ve 12. stolet\u00ed. \u010caj matcha objevil buddhistick\u00fd mnich Myoan Eisai a p\u0159inesl ho do Japonska. Esai si uv\u011bdomil, \u017ee pit\u00ed matcha zlep\u0161ilo jeho zenov\u00e9 medita\u010dn\u00ed sezen\u00ed t\u00edm, \u017ee vyvolalo stav klidn\u00e9 bd\u011blosti. (Dnes v\u00edme, \u017ee [...]","og_url":"http:\/\/matchamoya.webzachvili.online\/en\/historie-matcha\/","og_site_name":"Matcha Moya","article_modified_time":"2024-12-29T20:28:42+00:00","twitter_card":"summary_large_image","twitter_misc":{"Est. reading time":"1 minute"},"schema":{"@context":"https:\/\/schema.org","@graph":[{"@type":"WebPage","@id":"http:\/\/matchamoya.webzachvili.online\/en\/historie-matcha\/","url":"http:\/\/matchamoya.webzachvili.online\/en\/historie-matcha\/","name":"Historie matcha | Matcha Moya","isPartOf":{"@id":"http:\/\/matchamoya.webzachvili.online\/en\/#website"},"datePublished":"2020-04-26T13:45:39+00:00","dateModified":"2024-12-29T20:28:42+00:00","breadcrumb":{"@id":"http:\/\/matchamoya.webzachvili.online\/en\/historie-matcha\/#breadcrumb"},"inLanguage":"en-US","potentialAction":[{"@type":"ReadAction","target":["http:\/\/matchamoya.webzachvili.online\/en\/historie-matcha\/"]}]},{"@type":"BreadcrumbList","@id":"http:\/\/matchamoya.webzachvili.online\/en\/historie-matcha\/#breadcrumb","itemListElement":[{"@type":"ListItem","position":1,"name":"Dom\u016f","item":"http:\/\/matchamoya.webzachvili.online\/"},{"@type":"ListItem","position":2,"name":"Historie matcha"}]},{"@type":"WebSite","@id":"http:\/\/matchamoya.webzachvili.online\/en\/#website","url":"http:\/\/matchamoya.webzachvili.online\/en\/","name":"Matcha Moya","description":"Matcha Moya","publisher":{"@id":"http:\/\/matchamoya.webzachvili.online\/en\/#organization"},"potentialAction":[{"@type":"SearchAction","target":{"@type":"EntryPoint","urlTemplate":"http:\/\/matchamoya.webzachvili.online\/en\/?s={search_term_string}"},"query-input":{"@type":"PropertyValueSpecification","valueRequired":true,"valueName":"search_term_string"}}],"inLanguage":"en-US"},{"@type":"Organization","@id":"http:\/\/matchamoya.webzachvili.online\/en\/#organization","name":"Moya Matcha","url":"http:\/\/matchamoya.webzachvili.online\/en\/","logo":{"@type":"ImageObject","inLanguage":"en-US","@id":"http:\/\/matchamoya.webzachvili.online\/en\/#\/schema\/logo\/image\/","url":"http:\/\/matchamoya.webzachvili.online\/wp-content\/uploads\/2020\/03\/MOYA_Logo_Green-Black_02.png","contentUrl":"http:\/\/matchamoya.webzachvili.online\/wp-content\/uploads\/2020\/03\/MOYA_Logo_Green-Black_02.png","width":313,"height":310,"caption":"Moya Matcha"},"image":{"@id":"http:\/\/matchamoya.webzachvili.online\/en\/#\/schema\/logo\/image\/"}}]}},"_links":{"self":[{"href":"http:\/\/matchamoya.webzachvili.online\/en\/wp-json\/wp\/v2\/pages\/511","targetHints":{"allow":["GET"]}}],"collection":[{"href":"http:\/\/matchamoya.webzachvili.online\/en\/wp-json\/wp\/v2\/pages"}],"about":[{"href":"http:\/\/matchamoya.webzachvili.online\/en\/wp-json\/wp\/v2\/types\/page"}],"author":[{"embeddable":true,"href":"http:\/\/matchamoya.webzachvili.online\/en\/wp-json\/wp\/v2\/users\/1"}],"replies":[{"embeddable":true,"href":"http:\/\/matchamoya.webzachvili.online\/en\/wp-json\/wp\/v2\/comments?post=511"}],"version-history":[{"count":6,"href":"http:\/\/matchamoya.webzachvili.online\/en\/wp-json\/wp\/v2\/pages\/511\/revisions"}],"predecessor-version":[{"id":3280,"href":"http:\/\/matchamoya.webzachvili.online\/en\/wp-json\/wp\/v2\/pages\/511\/revisions\/3280"}],"wp:attachment":[{"href":"http:\/\/matchamoya.webzachvili.online\/en\/wp-json\/wp\/v2\/media?parent=511"}],"curies":[{"name":"wp","href":"https:\/\/api.w.org\/{rel}","templated":true}]}}