{"id":505,"date":"2020-04-26T13:40:16","date_gmt":"2020-04-26T13:40:16","guid":{"rendered":"http:\/\/matchamoya.webzachvili.online\/?page_id=505"},"modified":"2024-12-29T19:38:32","modified_gmt":"2024-12-29T19:38:32","slug":"jak-pripravit-matchu","status":"publish","type":"page","link":"http:\/\/matchamoya.webzachvili.online\/en\/jak-pripravit-matchu\/","title":{"rendered":"Jak p\u0159ipravit matchu?"},"content":{"rendered":"<div data-elementor-type=\"wp-page\" data-elementor-id=\"505\" class=\"elementor elementor-505\" data-elementor-post-type=\"page\">\n\t\t\t\t\t\t<section class=\"elementor-section elementor-top-section elementor-element elementor-element-ec4bd09 elementor-section-content-middle elementor-section-boxed elementor-section-height-default elementor-section-height-default\" data-id=\"ec4bd09\" data-element_type=\"section\" data-settings=\"{&quot;background_background&quot;:&quot;classic&quot;}\">\n\t\t\t\t\t\t<div class=\"elementor-container elementor-column-gap-default\">\n\t\t\t\t\t<div class=\"elementor-column elementor-col-100 elementor-top-column elementor-element elementor-element-2b3b14a\" data-id=\"2b3b14a\" data-element_type=\"column\">\n\t\t\t<div class=\"elementor-widget-wrap elementor-element-populated\">\n\t\t\t\t\t\t\t<\/div>\n\t\t<\/div>\n\t\t\t\t\t<\/div>\n\t\t<\/section>\n\t\t\t\t<section class=\"elementor-section elementor-top-section elementor-element elementor-element-d2d96d4 elementor-section-boxed elementor-section-height-default elementor-section-height-default\" data-id=\"d2d96d4\" data-element_type=\"section\" data-settings=\"{&quot;background_background&quot;:&quot;classic&quot;}\">\n\t\t\t\t\t\t<div class=\"elementor-container elementor-column-gap-default\">\n\t\t\t\t\t<div class=\"elementor-column elementor-col-100 elementor-top-column elementor-element elementor-element-ba8882d\" data-id=\"ba8882d\" data-element_type=\"column\">\n\t\t\t<div class=\"elementor-widget-wrap elementor-element-populated\">\n\t\t\t\t\t\t<section class=\"elementor-section elementor-inner-section elementor-element elementor-element-018c64d elementor-section-full_width elementor-section-height-default elementor-section-height-default\" data-id=\"018c64d\" data-element_type=\"section\">\n\t\t\t\t\t\t<div class=\"elementor-container elementor-column-gap-default\">\n\t\t\t\t\t<div class=\"elementor-column elementor-col-100 elementor-inner-column elementor-element elementor-element-ff203c8\" data-id=\"ff203c8\" data-element_type=\"column\">\n\t\t\t<div class=\"elementor-widget-wrap elementor-element-populated\">\n\t\t\t\t\t\t<div class=\"elementor-element elementor-element-cd09d46 elementor-widget elementor-widget-text-editor\" data-id=\"cd09d46\" data-element_type=\"widget\" data-widget_type=\"text-editor.default\">\n\t\t\t\t<div class=\"elementor-widget-container\">\n\t\t\t\t\t\t\t\t\t<p>P\u0159\u00edprava \u010daje matcha nen\u00ed \u010dasov\u011b n\u00e1ro\u010dn\u00e1, a nevy\u017eaduje \u017e\u00e1dn\u00e9 zvl\u00e1\u0161tn\u00ed dovednosti. Je to jemn\u00fd \u010dajov\u00fd pr\u00e1\u0161ek, kter\u00fd se sm\u00edch\u00e1 s vodou. K tomuto \u00fa\u010delu m\u016f\u017eete pou\u017e\u00edt jak tradi\u010dn\u00ed \u0161leh\u00e1n\u00ed\u00a0<a href=\"http:\/\/matchamoya.webzachvili.online\/originalni-cajove-prislusenstvi\/chasen-tradicni-bambusova-metlicka-na-michani-matcha-caje\/\">bambusovou metli\u010dkou (chasen)<\/a>, tak klasickou metli\u010dkou \u010di elektrick\u00fd nap\u011b\u0148ova\u010d ml\u00e9ka.<\/p><p>Tradi\u010dn\u00ed zp\u016fsob p\u0159\u00edpravy \u010daje matcha poch\u00e1z\u00ed z japonsk\u00e9ho \u010dajov\u00e9ho ob\u0159adu (chanoyu). K p\u0159\u00edprav\u011b n\u00e1poje pot\u0159ebujeme\u00a0<a href=\"http:\/\/matchamoya.webzachvili.online\/originalni-cajove-prislusenstvi\/\">misku (chawan)<\/a>,\u00a0<a href=\"http:\/\/matchamoya.webzachvili.online\/originalni-cajove-prislusenstvi\/chasen-tradicni-bambusova-metlicka-na-michani-matcha-caje\/\">bambusovou metlu (chasen)<\/a>\u00a0a\u00a0<a href=\"http:\/\/matchamoya.webzachvili.online\/originalni-cajove-prislusenstvi\/chaschaku-svetla-rucne-vyrabena-bambusova-lzice-na-matchu\/\">bambusovou l\u017ei\u010dku (chashaku)<\/a>.<\/p><p>Do misky vlo\u017ete l\u017ei\u010dku matchy 1,5 g bambusovou l\u017ei\u010dkou (chashaku), zalijte 100 ml hork\u00e9 vody (80 \u00b0 C) a rozm\u00edchejte bambusovou metli\u010dkou (chasen), a\u017e se vytvo\u0159\u00ed hust\u00e1 zelen\u00e1 p\u011bna. Dolejte n\u00e1poj vodou na 200 \u2013 250 ml. Konzumujte.<\/p><p>N\u00e1poj lze p\u0159ipravit a konzumovat za studena, aby byl velmi osv\u011b\u017euj\u00edc\u00ed. Vysypejte s\u00e1\u010dek 1,5g matcha do lahve se studenou vodou a prom\u00edchejte. Konzumujte.<\/p>\t\t\t\t\t\t\t\t<\/div>\n\t\t\t\t<\/div>\n\t\t\t\t\t<\/div>\n\t\t<\/div>\n\t\t\t\t\t<\/div>\n\t\t<\/section>\n\t\t<div class=\"elementor-element elementor-element-ae90cd3 e-con-full e-flex e-con e-parent\" data-id=\"ae90cd3\" data-element_type=\"container\">\n\t\t\t\t<div class=\"elementor-element elementor-element-88b6d0d elementor-widget elementor-widget-video\" data-id=\"88b6d0d\" data-element_type=\"widget\" data-settings=\"{&quot;youtube_url&quot;:&quot;https:\\\/\\\/www.youtube.com\\\/watch?v=3a5g_ccjyx0&quot;,&quot;video_type&quot;:&quot;youtube&quot;,&quot;controls&quot;:&quot;yes&quot;}\" data-widget_type=\"video.default\">\n\t\t\t\t<div class=\"elementor-widget-container\">\n\t\t\t\t\t\t\t<div class=\"elementor-wrapper elementor-open-inline\">\n\t\t\t<div class=\"elementor-video\"><\/div>\t\t<\/div>\n\t\t\t\t\t\t<\/div>\n\t\t\t\t<\/div>\n\t\t\t\t<\/div>\n\t\t\t\t\t<\/div>\n\t\t<\/div>\n\t\t\t\t\t<\/div>\n\t\t<\/section>\n\t\t\t\t<\/div>","protected":false},"excerpt":{"rendered":"<p>P\u0159\u00edprava \u010daje matcha nen\u00ed \u010dasov\u011b n\u00e1ro\u010dn\u00e1, a nevy\u017eaduje \u017e\u00e1dn\u00e9 zvl\u00e1\u0161tn\u00ed dovednosti. Je to jemn\u00fd \u010dajov\u00fd pr\u00e1\u0161ek, kter\u00fd se sm\u00edch\u00e1 s vodou. K tomuto \u00fa\u010delu m\u016f\u017eete pou\u017e\u00edt jak tradi\u010dn\u00ed \u0161leh\u00e1n\u00ed\u00a0bambusovou metli\u010dkou (chasen), tak klasickou metli\u010dkou \u010di elektrick\u00fd nap\u011b\u0148ova\u010d ml\u00e9ka. Tradi\u010dn\u00ed zp\u016fsob p\u0159\u00edpravy \u010daje matcha poch\u00e1z\u00ed z japonsk\u00e9ho \u010dajov\u00e9ho ob\u0159adu (chanoyu). K p\u0159\u00edprav\u011b n\u00e1poje pot\u0159ebujeme\u00a0misku (chawan),\u00a0bambusovou metlu [&#8230;]","protected":false},"author":1,"featured_media":0,"parent":0,"menu_order":0,"comment_status":"closed","ping_status":"closed","template":"page-blank.php","meta":{"footnotes":""},"class_list":["post-505","page","type-page","status-publish","hentry"],"yoast_head":"<!-- This site is optimized with the Yoast SEO plugin v23.4 - https:\/\/yoast.com\/wordpress\/plugins\/seo\/ -->\n<title>Matcha Moya | Jak p\u0159ipravit lahodn\u00fd n\u00e1poj matcha?<\/title>\n<meta name=\"description\" content=\"P\u0159\u00edprava \u010daje matcha nen\u00ed \u010dasov\u011b n\u00e1ro\u010dn\u00e1, a nevy\u017eaduje \u017e\u00e1dn\u00e9 zvl\u00e1\u0161tn\u00ed dovednosti. Je to jemn\u00fd \u010dajov\u00fd pr\u00e1\u0161ek, kter\u00fd se sm\u00edch\u00e1 s vodou.\" \/>\n<meta name=\"robots\" content=\"index, follow, max-snippet:-1, max-image-preview:large, max-video-preview:-1\" \/>\n<link rel=\"canonical\" href=\"http:\/\/matchamoya.webzachvili.online\/en\/jak-pripravit-matchu\/\" \/>\n<meta property=\"og:locale\" content=\"en_US\" \/>\n<meta property=\"og:type\" content=\"article\" \/>\n<meta property=\"og:title\" content=\"Matcha Moya | Jak p\u0159ipravit lahodn\u00fd n\u00e1poj matcha?\" \/>\n<meta property=\"og:description\" content=\"P\u0159\u00edprava \u010daje matcha nen\u00ed \u010dasov\u011b n\u00e1ro\u010dn\u00e1, a nevy\u017eaduje \u017e\u00e1dn\u00e9 zvl\u00e1\u0161tn\u00ed dovednosti. Je to jemn\u00fd \u010dajov\u00fd pr\u00e1\u0161ek, kter\u00fd se sm\u00edch\u00e1 s vodou.\" \/>\n<meta property=\"og:url\" content=\"http:\/\/matchamoya.webzachvili.online\/en\/jak-pripravit-matchu\/\" \/>\n<meta property=\"og:site_name\" content=\"Matcha Moya\" \/>\n<meta property=\"article:modified_time\" content=\"2024-12-29T19:38:32+00:00\" \/>\n<meta name=\"twitter:card\" content=\"summary_large_image\" \/>\n<meta name=\"twitter:label1\" content=\"Est. reading time\" \/>\n\t<meta name=\"twitter:data1\" content=\"1 minute\" \/>\n<!-- \/ Yoast SEO plugin. -->","yoast_head_json":{"title":"Matcha Moya | Jak p\u0159ipravit lahodn\u00fd n\u00e1poj matcha?","description":"P\u0159\u00edprava \u010daje matcha nen\u00ed \u010dasov\u011b n\u00e1ro\u010dn\u00e1, a nevy\u017eaduje \u017e\u00e1dn\u00e9 zvl\u00e1\u0161tn\u00ed dovednosti. Je to jemn\u00fd \u010dajov\u00fd pr\u00e1\u0161ek, kter\u00fd se sm\u00edch\u00e1 s vodou.","robots":{"index":"index","follow":"follow","max-snippet":"max-snippet:-1","max-image-preview":"max-image-preview:large","max-video-preview":"max-video-preview:-1"},"canonical":"http:\/\/matchamoya.webzachvili.online\/en\/jak-pripravit-matchu\/","og_locale":"en_US","og_type":"article","og_title":"Matcha Moya | Jak p\u0159ipravit lahodn\u00fd n\u00e1poj matcha?","og_description":"P\u0159\u00edprava \u010daje matcha nen\u00ed \u010dasov\u011b n\u00e1ro\u010dn\u00e1, a nevy\u017eaduje \u017e\u00e1dn\u00e9 zvl\u00e1\u0161tn\u00ed dovednosti. Je to jemn\u00fd \u010dajov\u00fd pr\u00e1\u0161ek, kter\u00fd se sm\u00edch\u00e1 s vodou.","og_url":"http:\/\/matchamoya.webzachvili.online\/en\/jak-pripravit-matchu\/","og_site_name":"Matcha Moya","article_modified_time":"2024-12-29T19:38:32+00:00","twitter_card":"summary_large_image","twitter_misc":{"Est. reading time":"1 minute"},"schema":{"@context":"https:\/\/schema.org","@graph":[{"@type":"WebPage","@id":"http:\/\/matchamoya.webzachvili.online\/en\/jak-pripravit-matchu\/","url":"http:\/\/matchamoya.webzachvili.online\/en\/jak-pripravit-matchu\/","name":"Matcha Moya | Jak p\u0159ipravit lahodn\u00fd n\u00e1poj matcha?","isPartOf":{"@id":"http:\/\/matchamoya.webzachvili.online\/en\/#website"},"datePublished":"2020-04-26T13:40:16+00:00","dateModified":"2024-12-29T19:38:32+00:00","description":"P\u0159\u00edprava \u010daje matcha nen\u00ed \u010dasov\u011b n\u00e1ro\u010dn\u00e1, a nevy\u017eaduje \u017e\u00e1dn\u00e9 zvl\u00e1\u0161tn\u00ed dovednosti. Je to jemn\u00fd \u010dajov\u00fd pr\u00e1\u0161ek, kter\u00fd se sm\u00edch\u00e1 s vodou.","breadcrumb":{"@id":"http:\/\/matchamoya.webzachvili.online\/en\/jak-pripravit-matchu\/#breadcrumb"},"inLanguage":"en-US","potentialAction":[{"@type":"ReadAction","target":["http:\/\/matchamoya.webzachvili.online\/en\/jak-pripravit-matchu\/"]}]},{"@type":"BreadcrumbList","@id":"http:\/\/matchamoya.webzachvili.online\/en\/jak-pripravit-matchu\/#breadcrumb","itemListElement":[{"@type":"ListItem","position":1,"name":"Dom\u016f","item":"http:\/\/matchamoya.webzachvili.online\/"},{"@type":"ListItem","position":2,"name":"Jak p\u0159ipravit matchu?"}]},{"@type":"WebSite","@id":"http:\/\/matchamoya.webzachvili.online\/en\/#website","url":"http:\/\/matchamoya.webzachvili.online\/en\/","name":"Matcha Moya","description":"Matcha Moya","publisher":{"@id":"http:\/\/matchamoya.webzachvili.online\/en\/#organization"},"potentialAction":[{"@type":"SearchAction","target":{"@type":"EntryPoint","urlTemplate":"http:\/\/matchamoya.webzachvili.online\/en\/?s={search_term_string}"},"query-input":{"@type":"PropertyValueSpecification","valueRequired":true,"valueName":"search_term_string"}}],"inLanguage":"en-US"},{"@type":"Organization","@id":"http:\/\/matchamoya.webzachvili.online\/en\/#organization","name":"Moya Matcha","url":"http:\/\/matchamoya.webzachvili.online\/en\/","logo":{"@type":"ImageObject","inLanguage":"en-US","@id":"http:\/\/matchamoya.webzachvili.online\/en\/#\/schema\/logo\/image\/","url":"http:\/\/matchamoya.webzachvili.online\/wp-content\/uploads\/2020\/03\/MOYA_Logo_Green-Black_02.png","contentUrl":"http:\/\/matchamoya.webzachvili.online\/wp-content\/uploads\/2020\/03\/MOYA_Logo_Green-Black_02.png","width":313,"height":310,"caption":"Moya Matcha"},"image":{"@id":"http:\/\/matchamoya.webzachvili.online\/en\/#\/schema\/logo\/image\/"}}]}},"_links":{"self":[{"href":"http:\/\/matchamoya.webzachvili.online\/en\/wp-json\/wp\/v2\/pages\/505","targetHints":{"allow":["GET"]}}],"collection":[{"href":"http:\/\/matchamoya.webzachvili.online\/en\/wp-json\/wp\/v2\/pages"}],"about":[{"href":"http:\/\/matchamoya.webzachvili.online\/en\/wp-json\/wp\/v2\/types\/page"}],"author":[{"embeddable":true,"href":"http:\/\/matchamoya.webzachvili.online\/en\/wp-json\/wp\/v2\/users\/1"}],"replies":[{"embeddable":true,"href":"http:\/\/matchamoya.webzachvili.online\/en\/wp-json\/wp\/v2\/comments?post=505"}],"version-history":[{"count":13,"href":"http:\/\/matchamoya.webzachvili.online\/en\/wp-json\/wp\/v2\/pages\/505\/revisions"}],"predecessor-version":[{"id":3262,"href":"http:\/\/matchamoya.webzachvili.online\/en\/wp-json\/wp\/v2\/pages\/505\/revisions\/3262"}],"wp:attachment":[{"href":"http:\/\/matchamoya.webzachvili.online\/en\/wp-json\/wp\/v2\/media?parent=505"}],"curies":[{"name":"wp","href":"https:\/\/api.w.org\/{rel}","templated":true}]}}