{"id":440,"date":"2020-04-24T21:08:29","date_gmt":"2020-04-24T21:08:29","guid":{"rendered":"http:\/\/matchamoya.webzachvili.online\/?page_id=440"},"modified":"2024-12-29T23:15:54","modified_gmt":"2024-12-29T23:15:54","slug":"co-je-matcha","status":"publish","type":"page","link":"http:\/\/matchamoya.webzachvili.online\/en\/co-je-matcha\/","title":{"rendered":"Co je Japonsk\u00e1 Matcha Moya?"},"content":{"rendered":"<div data-elementor-type=\"wp-page\" data-elementor-id=\"440\" class=\"elementor elementor-440\" data-elementor-post-type=\"page\">\n\t\t\t\t\t\t<section class=\"elementor-section elementor-top-section elementor-element elementor-element-962a385 elementor-section-content-middle elementor-section-boxed elementor-section-height-default elementor-section-height-default\" data-id=\"962a385\" data-element_type=\"section\" data-settings=\"{&quot;background_background&quot;:&quot;classic&quot;}\">\n\t\t\t\t\t\t<div class=\"elementor-container elementor-column-gap-default\">\n\t\t\t\t\t<div class=\"elementor-column elementor-col-100 elementor-top-column elementor-element elementor-element-776fdad\" data-id=\"776fdad\" data-element_type=\"column\">\n\t\t\t<div class=\"elementor-widget-wrap elementor-element-populated\">\n\t\t\t\t\t\t\t<\/div>\n\t\t<\/div>\n\t\t\t\t\t<\/div>\n\t\t<\/section>\n\t\t\t\t<section class=\"elementor-section elementor-top-section elementor-element elementor-element-4756da1b elementor-section-boxed elementor-section-height-default elementor-section-height-default\" data-id=\"4756da1b\" data-element_type=\"section\">\n\t\t\t\t\t\t<div class=\"elementor-container elementor-column-gap-default\">\n\t\t\t\t\t<div class=\"elementor-column elementor-col-100 elementor-top-column elementor-element elementor-element-2ebfcc5e\" data-id=\"2ebfcc5e\" data-element_type=\"column\">\n\t\t\t<div class=\"elementor-widget-wrap elementor-element-populated\">\n\t\t\t\t\t\t<section class=\"elementor-section elementor-inner-section elementor-element elementor-element-21d106c7 elementor-section-full_width elementor-section-height-default elementor-section-height-default\" data-id=\"21d106c7\" data-element_type=\"section\">\n\t\t\t\t\t\t<div class=\"elementor-container elementor-column-gap-default\">\n\t\t\t\t\t<div class=\"elementor-column elementor-col-100 elementor-inner-column elementor-element elementor-element-62149fe6\" data-id=\"62149fe6\" data-element_type=\"column\">\n\t\t\t<div class=\"elementor-widget-wrap elementor-element-populated\">\n\t\t\t\t\t\t<div class=\"elementor-element elementor-element-67c3b0fc elementor-widget elementor-widget-text-editor\" data-id=\"67c3b0fc\" data-element_type=\"widget\" data-widget_type=\"text-editor.default\">\n\t\t\t\t<div class=\"elementor-widget-container\">\n\t\t\t\t\t\t\t\t\t<p><strong>Japonsk\u00e1 Matcha Moya<\/strong>\u00a0je pr\u00e1\u0161kov\u00fd zelen\u00fd \u010daj z\u00edskan\u00fd z \u010dajov\u00fdch rostlin, kter\u00e9 jsou speci\u00e1ln\u011b st\u00edn\u011bny p\u0159ed p\u0159\u00edm\u00fdm slune\u010dn\u00edm z\u00e1\u0159en\u00edm p\u0159ed sklizn\u00ed. V\u00fdsledkem je vy\u0161\u0161\u00ed obsah chlorofylu, antioxidant\u016f a bohat\u0161\u00ed, zelen\u011bj\u0161\u00ed barva. Po sklizni se \u010derstv\u00e9 listy napa\u0159uj\u00ed, su\u0161\u00ed a rozemelou v tradi\u010dn\u00edch ml\u00fdnech na pr\u00e1\u0161ek.\u00a0<strong>Kompletn\u00ed informace o produkci na\u0161eho zelen\u00e9ho \u010daje matcha naleznete v sekci na\u0161eho webu\u00a0<a href=\"http:\/\/matchamoya.webzachvili.online\/produkce-a-puvod\/\">Produkce a P\u016fvod<\/a><\/strong>. Na rozd\u00edl od b\u011b\u017en\u00e9ho listov\u00e9ho sypan\u00e9ho \u010daje, kdy\u017e pijeme pr\u00e1\u0161kov\u00fd zelen\u00fd \u010daj matcha, konzumujeme cel\u00fd \u010dajov\u00fd l\u00edstek a t\u00edmto zp\u016fsobem dod\u00e1v\u00e1me na\u0161emu t\u011blu v\u0161echny \u017eiviny obsa\u017een\u00e9 v matcha \u010daji, v\u010detn\u011b t\u011bch, kter\u00e9 jsou nerozpustn\u00e9.<\/p>\t\t\t\t\t\t\t\t<\/div>\n\t\t\t\t<\/div>\n\t\t\t\t\t<\/div>\n\t\t<\/div>\n\t\t\t\t\t<\/div>\n\t\t<\/section>\n\t\t<div class=\"elementor-element elementor-element-dd95957 e-con-full e-grid e-con e-parent\" data-id=\"dd95957\" data-element_type=\"container\">\n\t\t<div class=\"elementor-element elementor-element-591a4c1 animated-fast e-con-full e-flex elementor-invisible e-con e-child\" data-id=\"591a4c1\" data-element_type=\"container\" data-settings=\"{&quot;background_background&quot;:&quot;classic&quot;,&quot;animation&quot;:&quot;fadeInUp&quot;}\">\n\t\t\t\t<div class=\"elementor-element elementor-element-cebc101 elementor-view-default elementor-position-top elementor-mobile-position-top elementor-widget elementor-widget-icon-box\" data-id=\"cebc101\" data-element_type=\"widget\" data-widget_type=\"icon-box.default\">\n\t\t\t\t<div class=\"elementor-widget-container\">\n\t\t\t\t\t\t\t<div class=\"elementor-icon-box-wrapper\">\n\n\t\t\t\t\t\t<div class=\"elementor-icon-box-icon\">\n\t\t\t\t<span  class=\"elementor-icon elementor-animation-\">\n\t\t\t\t<i aria-hidden=\"true\" class=\"jki jki-brain-light\"><\/i>\t\t\t\t<\/span>\n\t\t\t<\/div>\n\t\t\t\n\t\t\t\t\t\t<div class=\"elementor-icon-box-content\">\n\n\t\t\t\t\t\t\t\t\t<h5 class=\"elementor-icon-box-title\">\n\t\t\t\t\t\t<span  >\n\t\t\t\t\t\t\tZv\u00fd\u0161en\u00e1 schopnost soust\u0159ed\u011bn\u00ed a relaxace\t\t\t\t\t\t<\/span>\n\t\t\t\t\t<\/h5>\n\t\t\t\t\n\t\t\t\t\n\t\t\t<\/div>\n\t\t\t\n\t\t<\/div>\n\t\t\t\t\t\t<\/div>\n\t\t\t\t<\/div>\n\t\t\t\t<\/div>\n\t\t<div class=\"elementor-element elementor-element-41abd5f animated-fast e-con-full e-flex elementor-invisible e-con e-child\" data-id=\"41abd5f\" data-element_type=\"container\" data-settings=\"{&quot;background_background&quot;:&quot;classic&quot;,&quot;animation&quot;:&quot;fadeInUp&quot;}\">\n\t\t\t\t<div class=\"elementor-element elementor-element-315a5b3 elementor-view-default elementor-position-top elementor-mobile-position-top elementor-widget elementor-widget-icon-box\" data-id=\"315a5b3\" data-element_type=\"widget\" data-widget_type=\"icon-box.default\">\n\t\t\t\t<div class=\"elementor-widget-container\">\n\t\t\t\t\t\t\t<div class=\"elementor-icon-box-wrapper\">\n\n\t\t\t\t\t\t<div class=\"elementor-icon-box-icon\">\n\t\t\t\t<span  class=\"elementor-icon elementor-animation-\">\n\t\t\t\t<i aria-hidden=\"true\" class=\"jki jki-heart-light\"><\/i>\t\t\t\t<\/span>\n\t\t\t<\/div>\n\t\t\t\n\t\t\t\t\t\t<div class=\"elementor-icon-box-content\">\n\n\t\t\t\t\t\t\t\t\t<h5 class=\"elementor-icon-box-title\">\n\t\t\t\t\t\t<span  >\n\t\t\t\t\t\t\tPodpora imunitn\u00edho syst\u00e9mu\t\t\t\t\t\t<\/span>\n\t\t\t\t\t<\/h5>\n\t\t\t\t\n\t\t\t\t\n\t\t\t<\/div>\n\t\t\t\n\t\t<\/div>\n\t\t\t\t\t\t<\/div>\n\t\t\t\t<\/div>\n\t\t\t\t<\/div>\n\t\t<div class=\"elementor-element elementor-element-a9ffa5f animated-fast e-con-full e-flex elementor-invisible e-con e-child\" data-id=\"a9ffa5f\" data-element_type=\"container\" data-settings=\"{&quot;background_background&quot;:&quot;classic&quot;,&quot;animation&quot;:&quot;fadeInUp&quot;}\">\n\t\t\t\t<div class=\"elementor-element elementor-element-e46dfda elementor-view-default elementor-position-top elementor-mobile-position-top elementor-widget elementor-widget-icon-box\" data-id=\"e46dfda\" data-element_type=\"widget\" data-widget_type=\"icon-box.default\">\n\t\t\t\t<div class=\"elementor-widget-container\">\n\t\t\t\t\t\t\t<div class=\"elementor-icon-box-wrapper\">\n\n\t\t\t\t\t\t<div class=\"elementor-icon-box-icon\">\n\t\t\t\t<span  class=\"elementor-icon elementor-animation-\">\n\t\t\t\t<i aria-hidden=\"true\" class=\"jki jki-sun-light\"><\/i>\t\t\t\t<\/span>\n\t\t\t<\/div>\n\t\t\t\n\t\t\t\t\t\t<div class=\"elementor-icon-box-content\">\n\n\t\t\t\t\t\t\t\t\t<h5 class=\"elementor-icon-box-title\">\n\t\t\t\t\t\t<span  >\n\t\t\t\t\t\t\tBohat\u00fd zdroj antioxidant\u016f\t\t\t\t\t\t<\/span>\n\t\t\t\t\t<\/h5>\n\t\t\t\t\n\t\t\t\t\n\t\t\t<\/div>\n\t\t\t\n\t\t<\/div>\n\t\t\t\t\t\t<\/div>\n\t\t\t\t<\/div>\n\t\t\t\t<\/div>\n\t\t<div class=\"elementor-element elementor-element-01c2097 animated-fast e-con-full e-flex elementor-invisible e-con e-child\" data-id=\"01c2097\" data-element_type=\"container\" data-settings=\"{&quot;background_background&quot;:&quot;classic&quot;,&quot;animation&quot;:&quot;fadeInUp&quot;}\">\n\t\t\t\t<div class=\"elementor-element elementor-element-2064207 elementor-view-default elementor-position-top elementor-mobile-position-top elementor-widget elementor-widget-icon-box\" data-id=\"2064207\" data-element_type=\"widget\" data-widget_type=\"icon-box.default\">\n\t\t\t\t<div class=\"elementor-widget-container\">\n\t\t\t\t\t\t\t<div class=\"elementor-icon-box-wrapper\">\n\n\t\t\t\t\t\t<div class=\"elementor-icon-box-icon\">\n\t\t\t\t<span  class=\"elementor-icon elementor-animation-\">\n\t\t\t\t<i aria-hidden=\"true\" class=\"jki jki-flash-light\"><\/i>\t\t\t\t<\/span>\n\t\t\t<\/div>\n\t\t\t\n\t\t\t\t\t\t<div class=\"elementor-icon-box-content\">\n\n\t\t\t\t\t\t\t\t\t<h5 class=\"elementor-icon-box-title\">\n\t\t\t\t\t\t<span  >\n\t\t\t\t\t\t\tZrychlen\u00ed metabolismu a podpora hubnut\u00ed\t\t\t\t\t\t<\/span>\n\t\t\t\t\t<\/h5>\n\t\t\t\t\n\t\t\t\t\n\t\t\t<\/div>\n\t\t\t\n\t\t<\/div>\n\t\t\t\t\t\t<\/div>\n\t\t\t\t<\/div>\n\t\t\t\t<\/div>\n\t\t\t\t<\/div>\n\t\t\t\t<section class=\"elementor-section elementor-inner-section elementor-element elementor-element-52a92b9 elementor-section-full_width elementor-section-height-default elementor-section-height-default\" data-id=\"52a92b9\" data-element_type=\"section\">\n\t\t\t\t\t\t<div class=\"elementor-container elementor-column-gap-default\">\n\t\t\t\t\t<div class=\"elementor-column elementor-col-100 elementor-inner-column elementor-element elementor-element-d410245\" data-id=\"d410245\" data-element_type=\"column\">\n\t\t\t<div class=\"elementor-widget-wrap elementor-element-populated\">\n\t\t\t\t\t\t<div class=\"elementor-element elementor-element-d115fbc elementor-widget elementor-widget-heading\" data-id=\"d115fbc\" data-element_type=\"widget\" data-widget_type=\"heading.default\">\n\t\t\t\t<div class=\"elementor-widget-container\">\n\t\t\t\t\t<h3 class=\"elementor-heading-title elementor-size-default\">P\u0159\u00edzniv\u00e9 efekty Matcha<\/h3>\t\t\t\t<\/div>\n\t\t\t\t<\/div>\n\t\t\t\t<div class=\"elementor-element elementor-element-9fdd643 elementor-widget elementor-widget-text-editor\" data-id=\"9fdd643\" data-element_type=\"widget\" data-widget_type=\"text-editor.default\">\n\t\t\t\t<div class=\"elementor-widget-container\">\n\t\t\t\t\t\t\t\t\t<p>Buddhisti\u010dt\u00ed mni\u0161i pou\u017e\u00edvaj\u00ed matcha \u010daj ji\u017e v\u00edce ne\u017e 800 let, aby z\u016fstali ostra\u017eit\u00ed b\u011bhem dlouh\u00fdch hodin meditace. Dnes v\u00edme, \u017ee tento \u00fa\u010dinek je vyvol\u00e1n L-theaninem, aminokyselinou v matcha, kter\u00e1 zvy\u0161uje produkci alfa vln v lidsk\u00e9m mozku a vede ke\u00a0<strong>zv\u00fd\u0161en\u00e9 schopnosti soust\u0159ed\u011bn\u00ed<\/strong>\u00a0a \u00fa\u010dinku\u00a0<strong>relaxace<\/strong>. Vlastnosti matcha jsou v\u0161ak mnohem v\u011bt\u0161\u00ed: je to\u00a0<strong>antioxidant, zlep\u0161uje funkci imunitn\u00edho syst\u00e9mu<\/strong>\u00a0a\u00a0<strong>posiluje rychlost metabolismu<\/strong>, tak pom\u00e1h\u00e1 sni\u017eovat t\u011blesnou hmotnost a je zlat\u00fdm dolem flavonoid\u016f chr\u00e1n\u00edc\u00edch bu\u0148ky. V\u00edce informac\u00ed o p\u0159\u00edzniv\u00fdch \u00fa\u010dinc\u00edch zelen\u00e9ho \u010daje matcha na na\u0161e telo se m\u016f\u017eete do\u010d\u00edst v na\u0161\u00ed sekci webu\u00a0<strong><a href=\"http:\/\/matchamoya.webzachvili.online\/priznive-ucinky-matcha\/\">P\u0159\u00edzniv\u00e9 \u00fa\u010dinky<\/a><\/strong>, kde uv\u00e1d\u00edme i v\u00fdsledky r\u016fzn\u00fdch v\u011bdeck\u00fdch studi\u00ed.<\/p>\t\t\t\t\t\t\t\t<\/div>\n\t\t\t\t<\/div>\n\t\t\t\t\t<\/div>\n\t\t<\/div>\n\t\t\t\t\t<\/div>\n\t\t<\/section>\n\t\t\t\t\t<\/div>\n\t\t<\/div>\n\t\t\t\t\t<\/div>\n\t\t<\/section>\n\t\t\t\t<section class=\"elementor-section elementor-top-section elementor-element elementor-element-3b1e82d8 elementor-section-boxed elementor-section-height-default elementor-section-height-default\" data-id=\"3b1e82d8\" data-element_type=\"section\">\n\t\t\t\t\t\t<div class=\"elementor-container elementor-column-gap-default\">\n\t\t\t\t\t<div class=\"elementor-column elementor-col-100 elementor-top-column elementor-element elementor-element-1c03d933\" data-id=\"1c03d933\" data-element_type=\"column\">\n\t\t\t<div class=\"elementor-widget-wrap elementor-element-populated\">\n\t\t\t\t\t\t<section class=\"elementor-section elementor-inner-section elementor-element elementor-element-749e9c44 elementor-section-full_width elementor-reverse-mobile elementor-section-height-default elementor-section-height-default\" data-id=\"749e9c44\" data-element_type=\"section\">\n\t\t\t\t\t\t<div class=\"elementor-container elementor-column-gap-default\">\n\t\t\t\t\t<div class=\"elementor-column elementor-col-50 elementor-inner-column elementor-element elementor-element-1b669d7c\" data-id=\"1b669d7c\" data-element_type=\"column\">\n\t\t\t<div class=\"elementor-widget-wrap elementor-element-populated\">\n\t\t\t\t\t\t<div class=\"elementor-element elementor-element-6553ed3d elementor-widget elementor-widget-heading\" data-id=\"6553ed3d\" data-element_type=\"widget\" data-widget_type=\"heading.default\">\n\t\t\t\t<div class=\"elementor-widget-container\">\n\t\t\t\t\t<h3 class=\"elementor-heading-title elementor-size-default\">Pro\u010d \u010daj od zna\u010dky Moya Matcha?<\/h3>\t\t\t\t<\/div>\n\t\t\t\t<\/div>\n\t\t\t\t<div class=\"elementor-element elementor-element-4e57ded elementor-widget elementor-widget-text-editor\" data-id=\"4e57ded\" data-element_type=\"widget\" data-widget_type=\"text-editor.default\">\n\t\t\t\t<div class=\"elementor-widget-container\">\n\t\t\t\t\t\t\t\t\t<p>Kvalitn\u00ed zelen\u00fd \u010daj BIO Moya Matcha je\u00a0<strong>pe\u010dliv\u011b p\u011bstov\u00e1na na mal\u00fdch, rodinn\u00fdch biocertifikovan\u00fdch pol\u00edch v japonsk\u00e9m Uji<\/strong>, regionu zn\u00e1m\u00e9m pro nejvy\u0161\u0161\u00ed kvalitu zelen\u00e9ho \u010daje matcha d\u00edky sv\u00e9mu jedine\u010dn\u00e9mu mikroklimatu. Ka\u017ed\u00e1 \u0161ar\u017ee na\u0161eho organick\u00e9ho matcha je pe\u010dliv\u011b kontrolov\u00e1na na mo\u017en\u00e9 chemick\u00e9 zbytky a jeho kvalita je potvrzena p\u0159\u00edsn\u00fdmi japonsk\u00fdmi standardy a ekologickou certifikac\u00ed. Moya Matcha se pak zpracov\u00e1v\u00e1 lok\u00e1ln\u011b, hermeticky zabal\u00ed a expeduje v mal\u00fdch d\u00e1vk\u00e1ch, aby se zajistila maxim\u00e1ln\u00ed \u010derstvost.<\/p>\t\t\t\t\t\t\t\t<\/div>\n\t\t\t\t<\/div>\n\t\t\t\t\t<\/div>\n\t\t<\/div>\n\t\t\t\t<div class=\"elementor-column elementor-col-50 elementor-inner-column elementor-element elementor-element-48ab86df\" data-id=\"48ab86df\" data-element_type=\"column\">\n\t\t\t<div class=\"elementor-widget-wrap elementor-element-populated\">\n\t\t\t\t\t\t<div class=\"elementor-element elementor-element-e9ac165 elementor-widget elementor-widget-image\" data-id=\"e9ac165\" data-element_type=\"widget\" data-widget_type=\"image.default\">\n\t\t\t\t<div class=\"elementor-widget-container\">\n\t\t\t\t\t\t\t\t\t\t\t\t\t\t\t<img fetchpriority=\"high\" decoding=\"async\" width=\"600\" height=\"600\" src=\"http:\/\/matchamoya.webzachvili.online\/wp-content\/uploads\/2023\/04\/zeleny-caj-matcha-uji-region-japonsko-mapa-600x600-1.jpg\" class=\"attachment-full size-full wp-image-2004\" alt=\"\" srcset=\"http:\/\/matchamoya.webzachvili.online\/wp-content\/uploads\/2023\/04\/zeleny-caj-matcha-uji-region-japonsko-mapa-600x600-1.jpg 600w, http:\/\/matchamoya.webzachvili.online\/wp-content\/uploads\/2023\/04\/zeleny-caj-matcha-uji-region-japonsko-mapa-600x600-1-400x400.jpg 400w, http:\/\/matchamoya.webzachvili.online\/wp-content\/uploads\/2023\/04\/zeleny-caj-matcha-uji-region-japonsko-mapa-600x600-1-280x280.jpg 280w, http:\/\/matchamoya.webzachvili.online\/wp-content\/uploads\/2023\/04\/zeleny-caj-matcha-uji-region-japonsko-mapa-600x600-1-12x12.jpg 12w, http:\/\/matchamoya.webzachvili.online\/wp-content\/uploads\/2023\/04\/zeleny-caj-matcha-uji-region-japonsko-mapa-600x600-1-300x300.jpg 300w, http:\/\/matchamoya.webzachvili.online\/wp-content\/uploads\/2023\/04\/zeleny-caj-matcha-uji-region-japonsko-mapa-600x600-1-100x100.jpg 100w\" sizes=\"(max-width: 600px) 100vw, 600px\" \/>\t\t\t\t\t\t\t\t\t\t\t\t\t\t\t<\/div>\n\t\t\t\t<\/div>\n\t\t\t\t\t<\/div>\n\t\t<\/div>\n\t\t\t\t\t<\/div>\n\t\t<\/section>\n\t\t\t\t\t<\/div>\n\t\t<\/div>\n\t\t\t\t\t<\/div>\n\t\t<\/section>\n\t\t\t\t<\/div>","protected":false},"excerpt":{"rendered":"<p>Japonsk\u00e1 Matcha Moya\u00a0je pr\u00e1\u0161kov\u00fd zelen\u00fd \u010daj z\u00edskan\u00fd z \u010dajov\u00fdch rostlin, kter\u00e9 jsou speci\u00e1ln\u011b st\u00edn\u011bny p\u0159ed p\u0159\u00edm\u00fdm slune\u010dn\u00edm z\u00e1\u0159en\u00edm p\u0159ed sklizn\u00ed. V\u00fdsledkem je vy\u0161\u0161\u00ed obsah chlorofylu, antioxidant\u016f a bohat\u0161\u00ed, zelen\u011bj\u0161\u00ed barva. Po sklizni se \u010derstv\u00e9 listy napa\u0159uj\u00ed, su\u0161\u00ed a rozemelou v tradi\u010dn\u00edch ml\u00fdnech na pr\u00e1\u0161ek.\u00a0Kompletn\u00ed informace o produkci na\u0161eho zelen\u00e9ho \u010daje matcha naleznete v sekci na\u0161eho [&#8230;]","protected":false},"author":1,"featured_media":0,"parent":0,"menu_order":0,"comment_status":"closed","ping_status":"closed","template":"page-blank.php","meta":{"footnotes":""},"class_list":["post-440","page","type-page","status-publish","hentry"],"yoast_head":"<!-- This site is optimized with the Yoast SEO plugin v23.4 - https:\/\/yoast.com\/wordpress\/plugins\/seo\/ -->\n<title>Matcha Moya | Co je Matcha Moya? (BIO japonsk\u00fd pr\u00e1\u0161kov\u00fd zelen\u00fd \u010daj)<\/title>\n<meta name=\"description\" content=\"Japonsk\u00e1 Matcha Moya je pr\u00e1\u0161kov\u00fd zelen\u00fd \u010daj z\u00edskan\u00fd z \u010dajov\u00fdch rostlin, kter\u00e9 jsou st\u00edn\u011bny p\u0159ed p\u0159\u00edm\u00fdm slune\u010dn\u00edm z\u00e1\u0159en\u00edm p\u0159ed sklizn\u00ed.\" \/>\n<meta name=\"robots\" content=\"index, follow, max-snippet:-1, max-image-preview:large, max-video-preview:-1\" \/>\n<link rel=\"canonical\" href=\"http:\/\/matchamoya.webzachvili.online\/en\/co-je-matcha\/\" \/>\n<meta property=\"og:locale\" content=\"en_US\" \/>\n<meta property=\"og:type\" content=\"article\" \/>\n<meta property=\"og:title\" content=\"Matcha Moya | Co je Matcha Moya? (BIO japonsk\u00fd pr\u00e1\u0161kov\u00fd zelen\u00fd \u010daj)\" \/>\n<meta property=\"og:description\" content=\"Japonsk\u00e1 Matcha Moya je pr\u00e1\u0161kov\u00fd zelen\u00fd \u010daj z\u00edskan\u00fd z \u010dajov\u00fdch rostlin, kter\u00e9 jsou st\u00edn\u011bny p\u0159ed p\u0159\u00edm\u00fdm slune\u010dn\u00edm z\u00e1\u0159en\u00edm p\u0159ed sklizn\u00ed.\" \/>\n<meta property=\"og:url\" content=\"http:\/\/matchamoya.webzachvili.online\/en\/co-je-matcha\/\" \/>\n<meta property=\"og:site_name\" content=\"Matcha Moya\" \/>\n<meta property=\"article:modified_time\" content=\"2024-12-29T23:15:54+00:00\" \/>\n<meta property=\"og:image\" content=\"http:\/\/matchamoya.webzachvili.online\/wp-content\/uploads\/2023\/04\/zeleny-caj-matcha-uji-region-japonsko-mapa-600x600-1.jpg\" \/>\n<meta name=\"twitter:card\" content=\"summary_large_image\" \/>\n<meta name=\"twitter:label1\" content=\"Est. reading time\" \/>\n\t<meta name=\"twitter:data1\" content=\"2 minutes\" \/>\n<!-- \/ Yoast SEO plugin. -->","yoast_head_json":{"title":"Matcha Moya | Co je Matcha Moya? (BIO japonsk\u00fd pr\u00e1\u0161kov\u00fd zelen\u00fd \u010daj)","description":"Japonsk\u00e1 Matcha Moya je pr\u00e1\u0161kov\u00fd zelen\u00fd \u010daj z\u00edskan\u00fd z \u010dajov\u00fdch rostlin, kter\u00e9 jsou st\u00edn\u011bny p\u0159ed p\u0159\u00edm\u00fdm slune\u010dn\u00edm z\u00e1\u0159en\u00edm p\u0159ed sklizn\u00ed.","robots":{"index":"index","follow":"follow","max-snippet":"max-snippet:-1","max-image-preview":"max-image-preview:large","max-video-preview":"max-video-preview:-1"},"canonical":"http:\/\/matchamoya.webzachvili.online\/en\/co-je-matcha\/","og_locale":"en_US","og_type":"article","og_title":"Matcha Moya | Co je Matcha Moya? (BIO japonsk\u00fd pr\u00e1\u0161kov\u00fd zelen\u00fd \u010daj)","og_description":"Japonsk\u00e1 Matcha Moya je pr\u00e1\u0161kov\u00fd zelen\u00fd \u010daj z\u00edskan\u00fd z \u010dajov\u00fdch rostlin, kter\u00e9 jsou st\u00edn\u011bny p\u0159ed p\u0159\u00edm\u00fdm slune\u010dn\u00edm z\u00e1\u0159en\u00edm p\u0159ed sklizn\u00ed.","og_url":"http:\/\/matchamoya.webzachvili.online\/en\/co-je-matcha\/","og_site_name":"Matcha Moya","article_modified_time":"2024-12-29T23:15:54+00:00","og_image":[{"url":"http:\/\/matchamoya.webzachvili.online\/wp-content\/uploads\/2023\/04\/zeleny-caj-matcha-uji-region-japonsko-mapa-600x600-1.jpg"}],"twitter_card":"summary_large_image","twitter_misc":{"Est. reading time":"2 minutes"},"schema":{"@context":"https:\/\/schema.org","@graph":[{"@type":"WebPage","@id":"http:\/\/matchamoya.webzachvili.online\/en\/co-je-matcha\/","url":"http:\/\/matchamoya.webzachvili.online\/en\/co-je-matcha\/","name":"Matcha Moya | Co je Matcha Moya? (BIO japonsk\u00fd pr\u00e1\u0161kov\u00fd zelen\u00fd \u010daj)","isPartOf":{"@id":"http:\/\/matchamoya.webzachvili.online\/en\/#website"},"primaryImageOfPage":{"@id":"http:\/\/matchamoya.webzachvili.online\/en\/co-je-matcha\/#primaryimage"},"image":{"@id":"http:\/\/matchamoya.webzachvili.online\/en\/co-je-matcha\/#primaryimage"},"thumbnailUrl":"http:\/\/matchamoya.webzachvili.online\/wp-content\/uploads\/2023\/04\/zeleny-caj-matcha-uji-region-japonsko-mapa-600x600-1.jpg","datePublished":"2020-04-24T21:08:29+00:00","dateModified":"2024-12-29T23:15:54+00:00","description":"Japonsk\u00e1 Matcha Moya je pr\u00e1\u0161kov\u00fd zelen\u00fd \u010daj z\u00edskan\u00fd z \u010dajov\u00fdch rostlin, kter\u00e9 jsou st\u00edn\u011bny p\u0159ed p\u0159\u00edm\u00fdm slune\u010dn\u00edm z\u00e1\u0159en\u00edm p\u0159ed sklizn\u00ed.","breadcrumb":{"@id":"http:\/\/matchamoya.webzachvili.online\/en\/co-je-matcha\/#breadcrumb"},"inLanguage":"en-US","potentialAction":[{"@type":"ReadAction","target":["http:\/\/matchamoya.webzachvili.online\/en\/co-je-matcha\/"]}]},{"@type":"ImageObject","inLanguage":"en-US","@id":"http:\/\/matchamoya.webzachvili.online\/en\/co-je-matcha\/#primaryimage","url":"http:\/\/matchamoya.webzachvili.online\/wp-content\/uploads\/2023\/04\/zeleny-caj-matcha-uji-region-japonsko-mapa-600x600-1.jpg","contentUrl":"http:\/\/matchamoya.webzachvili.online\/wp-content\/uploads\/2023\/04\/zeleny-caj-matcha-uji-region-japonsko-mapa-600x600-1.jpg"},{"@type":"BreadcrumbList","@id":"http:\/\/matchamoya.webzachvili.online\/en\/co-je-matcha\/#breadcrumb","itemListElement":[{"@type":"ListItem","position":1,"name":"Dom\u016f","item":"http:\/\/matchamoya.webzachvili.online\/"},{"@type":"ListItem","position":2,"name":"Co je Japonsk\u00e1 Matcha Moya?"}]},{"@type":"WebSite","@id":"http:\/\/matchamoya.webzachvili.online\/en\/#website","url":"http:\/\/matchamoya.webzachvili.online\/en\/","name":"Matcha Moya","description":"Matcha Moya","publisher":{"@id":"http:\/\/matchamoya.webzachvili.online\/en\/#organization"},"potentialAction":[{"@type":"SearchAction","target":{"@type":"EntryPoint","urlTemplate":"http:\/\/matchamoya.webzachvili.online\/en\/?s={search_term_string}"},"query-input":{"@type":"PropertyValueSpecification","valueRequired":true,"valueName":"search_term_string"}}],"inLanguage":"en-US"},{"@type":"Organization","@id":"http:\/\/matchamoya.webzachvili.online\/en\/#organization","name":"Moya Matcha","url":"http:\/\/matchamoya.webzachvili.online\/en\/","logo":{"@type":"ImageObject","inLanguage":"en-US","@id":"http:\/\/matchamoya.webzachvili.online\/en\/#\/schema\/logo\/image\/","url":"http:\/\/matchamoya.webzachvili.online\/wp-content\/uploads\/2020\/03\/MOYA_Logo_Green-Black_02.png","contentUrl":"http:\/\/matchamoya.webzachvili.online\/wp-content\/uploads\/2020\/03\/MOYA_Logo_Green-Black_02.png","width":313,"height":310,"caption":"Moya Matcha"},"image":{"@id":"http:\/\/matchamoya.webzachvili.online\/en\/#\/schema\/logo\/image\/"}}]}},"_links":{"self":[{"href":"http:\/\/matchamoya.webzachvili.online\/en\/wp-json\/wp\/v2\/pages\/440","targetHints":{"allow":["GET"]}}],"collection":[{"href":"http:\/\/matchamoya.webzachvili.online\/en\/wp-json\/wp\/v2\/pages"}],"about":[{"href":"http:\/\/matchamoya.webzachvili.online\/en\/wp-json\/wp\/v2\/types\/page"}],"author":[{"embeddable":true,"href":"http:\/\/matchamoya.webzachvili.online\/en\/wp-json\/wp\/v2\/users\/1"}],"replies":[{"embeddable":true,"href":"http:\/\/matchamoya.webzachvili.online\/en\/wp-json\/wp\/v2\/comments?post=440"}],"version-history":[{"count":31,"href":"http:\/\/matchamoya.webzachvili.online\/en\/wp-json\/wp\/v2\/pages\/440\/revisions"}],"predecessor-version":[{"id":3407,"href":"http:\/\/matchamoya.webzachvili.online\/en\/wp-json\/wp\/v2\/pages\/440\/revisions\/3407"}],"wp:attachment":[{"href":"http:\/\/matchamoya.webzachvili.online\/en\/wp-json\/wp\/v2\/media?parent=440"}],"curies":[{"name":"wp","href":"https:\/\/api.w.org\/{rel}","templated":true}]}}